{"id":79083,"date":"2025-11-19T09:08:16","date_gmt":"2025-11-19T09:08:16","guid":{"rendered":"https:\/\/webdev.count-it.eu\/count-it-site\/?page_id=79083"},"modified":"2026-03-23T11:21:19","modified_gmt":"2026-03-23T11:21:19","slug":"information-hub","status":"publish","type":"page","link":"https:\/\/count-it.eu\/en\/over-ons\/informatie-hub\/","title":{"rendered":"Information hub"},"content":{"rendered":"\t\t<div data-elementor-type=\"wp-page\" data-elementor-id=\"79083\" class=\"elementor elementor-79083\" data-elementor-post-type=\"page\">\n\t\t\t\t<div class=\"elementor-element elementor-element-579f1b66 e-con-full e-flex e-con e-parent\" data-id=\"579f1b66\" data-element_type=\"container\" data-e-type=\"container\" data-settings=\"{&quot;background_background&quot;:&quot;classic&quot;,&quot;background_motion_fx_motion_fx_scrolling&quot;:&quot;yes&quot;,&quot;background_motion_fx_range&quot;:&quot;page&quot;,&quot;background_motion_fx_devices&quot;:[&quot;desktop&quot;,&quot;tablet&quot;,&quot;mobile&quot;]}\">\n\t\t<div class=\"elementor-element elementor-element-14c53c22 e-con-full cit-container e-flex e-con e-child\" data-id=\"14c53c22\" data-element_type=\"container\" data-e-type=\"container\">\n\t\t\t\t<div class=\"elementor-element elementor-element-114575e4 elementor-widget elementor-widget-heading\" data-id=\"114575e4\" data-element_type=\"widget\" data-e-type=\"widget\" data-widget_type=\"heading.default\">\n\t\t\t\t\t<h1 class=\"elementor-heading-title elementor-size-default\">Informatiehub<\/h1>\t\t\t\t<\/div>\n\t\t\t\t<div class=\"elementor-element elementor-element-5f3968ff elementor-widget elementor-widget-litho-heading\" data-id=\"5f3968ff\" data-element_type=\"widget\" data-e-type=\"widget\" data-widget_type=\"litho-heading.default\">\n\t\t\t\t<div class=\"elementor-widget-container\">\n\t\t\t\t\t<h2 class=\"litho-heading elementor-size-default\"><span class=\"litho-primary-title\">Van algemene voorwaarden tot praktische hulp<\/span><\/h2>\t\t\t\t<\/div>\n\t\t\t\t<\/div>\n\t\t\t\t<\/div>\n\t\t\t\t<\/div>\n\t\t<div class=\"elementor-element elementor-element-456ee4b7 cit-container e-flex e-con-boxed e-con e-parent\" data-id=\"456ee4b7\" data-element_type=\"container\" data-e-type=\"container\">\n\t\t\t\t\t<div class=\"e-con-inner\">\n\t\t<div class=\"elementor-element elementor-element-36abb760 e-con-full e-flex e-con e-child\" data-id=\"36abb760\" data-element_type=\"container\" data-e-type=\"container\">\n\t\t\t\t<div class=\"elementor-element elementor-element-1f036ddf elementor-widget__width-initial elementor-widget elementor-widget-heading\" data-id=\"1f036ddf\" data-element_type=\"widget\" data-e-type=\"widget\" data-widget_type=\"heading.default\">\n\t\t\t\t\t<h2 class=\"elementor-heading-title elementor-size-default\">Informatiehub<\/h2>\t\t\t\t<\/div>\n\t\t\t\t<div class=\"elementor-element elementor-element-2521461f elementor-widget__width-initial elementor-widget elementor-widget-image\" data-id=\"2521461f\" data-element_type=\"widget\" data-e-type=\"widget\" data-widget_type=\"image.default\">\n\t\t\t\t\t\t\t\t\t\t\t\t\t\t\t<img decoding=\"async\" width=\"64\" height=\"6\" src=\"https:\/\/count-it.eu\/wp-content\/uploads\/2025\/10\/Rectangle-Accent-e1760080647745.png\" class=\"attachment-full size-full wp-image-77581\" alt=\"Rectangle Accent\" \/>\t\t\t\t\t\t\t\t\t\t\t\t\t\t\t<\/div>\n\t\t\t\t<\/div>\n\t\t<div class=\"elementor-element elementor-element-693f08aa e-con-full e-flex e-con e-child\" data-id=\"693f08aa\" data-element_type=\"container\" data-e-type=\"container\">\n\t\t\t\t<div class=\"elementor-element elementor-element-6a91d6c6 elementor-widget__width-inherit elementor-widget elementor-widget-text-editor\" data-id=\"6a91d6c6\" data-element_type=\"widget\" data-e-type=\"widget\" data-widget_type=\"text-editor.default\">\n\t\t\t\t\t\t\t\t\t<p>D\u00e9 plek waar je alle belangrijke documenten, handleidingen en antwoorden vindt. Alles overzichtelijk op \u00e9\u00e9n centrale locatie, zodat je snel verder kunt.<\/p>\t\t\t\t\t\t\t\t<\/div>\n\t\t\t\t<\/div>\n\t\t\t\t\t<\/div>\n\t\t\t\t<\/div>\n\t\t<div class=\"elementor-element elementor-element-189b131 e-grid e-con-full cit-container e-con e-parent\" data-id=\"189b131\" data-element_type=\"container\" data-e-type=\"container\">\n\t\t\t\t<div class=\"elementor-element elementor-element-7e8e1e63 elementor-align-center elementor-widget elementor-widget-litho-button\" data-id=\"7e8e1e63\" data-element_type=\"widget\" data-e-type=\"widget\" data-widget_type=\"litho-button.default\">\n\t\t\t\t<div class=\"elementor-widget-container\">\n\t\t\t\t\t\t\t\t\t<div class=\"elementor-button-wrapper litho-button-wrapper\">\n\t\t\t\t\t<a class=\"elementor-button-link elementor-button elementor-size-sm hvr-grow \" href=\"https:\/\/count-it.eu\/algemene-voorwaarden\" role=\"button\">\n\t\t\t\t\t\t\t\t\t<span class=\"elementor-button-content-wrapper\">\n\t\t\t\t\t\t\t\t\t\t\t\t\t<span class=\"elementor-button-text\">Algemene voorwaarden<\/span>\n\t\t\t\t\t\t\t<\/span>\n\t\t\t\t\t\t\t\t\t<span class=\"screen-reader-text\">Button<\/span>\n\t\t\t\t\t<\/a>\n\t\t\t\t<\/div>\n\t\t\t\t\t\t\t<\/div>\n\t\t\t\t<\/div>\n\t\t\t\t<div class=\"elementor-element elementor-element-bf1a25f elementor-align-center elementor-widget elementor-widget-litho-button\" data-id=\"bf1a25f\" data-element_type=\"widget\" data-e-type=\"widget\" data-widget_type=\"litho-button.default\">\n\t\t\t\t<div class=\"elementor-widget-container\">\n\t\t\t\t\t\t\t\t\t<div class=\"elementor-button-wrapper litho-button-wrapper\">\n\t\t\t\t\t<a class=\"elementor-button-link elementor-button elementor-size-sm hvr-grow \" href=\"https:\/\/count-it.eu\/over-ons\/informatie-hub\/privacy-verklaring\/\" role=\"button\">\n\t\t\t\t\t\t\t\t\t<span class=\"elementor-button-content-wrapper\">\n\t\t\t\t\t\t\t\t\t\t\t\t\t<span class=\"elementor-button-text\">Privacyverklaring<\/span>\n\t\t\t\t\t\t\t<\/span>\n\t\t\t\t\t\t\t\t\t<span class=\"screen-reader-text\">Button<\/span>\n\t\t\t\t\t<\/a>\n\t\t\t\t<\/div>\n\t\t\t\t\t\t\t<\/div>\n\t\t\t\t<\/div>\n\t\t\t\t<div class=\"elementor-element elementor-element-dc2e09e elementor-align-center elementor-widget elementor-widget-litho-button\" data-id=\"dc2e09e\" data-element_type=\"widget\" data-e-type=\"widget\" data-widget_type=\"litho-button.default\">\n\t\t\t\t<div class=\"elementor-widget-container\">\n\t\t\t\t\t\t\t\t\t<div class=\"elementor-button-wrapper litho-button-wrapper\">\n\t\t\t\t\t<a class=\"elementor-button-link elementor-button elementor-size-sm hvr-grow \" href=\"https:\/\/count-it.eu\/instructie-weegschaal\" role=\"button\">\n\t\t\t\t\t\t\t\t\t<span class=\"elementor-button-content-wrapper\">\n\t\t\t\t\t\t\t\t\t\t\t\t\t<span class=\"elementor-button-text\">Instructie Digi scale<\/span>\n\t\t\t\t\t\t\t<\/span>\n\t\t\t\t\t\t\t\t\t<span class=\"screen-reader-text\">Button<\/span>\n\t\t\t\t\t<\/a>\n\t\t\t\t<\/div>\n\t\t\t\t\t\t\t<\/div>\n\t\t\t\t<\/div>\n\t\t\t\t<div class=\"elementor-element elementor-element-3a9f9b1 elementor-align-center elementor-widget elementor-widget-litho-button\" data-id=\"3a9f9b1\" data-element_type=\"widget\" data-e-type=\"widget\" data-widget_type=\"litho-button.default\">\n\t\t\t\t<div class=\"elementor-widget-container\">\n\t\t\t\t\t\t\t\t\t<div class=\"elementor-button-wrapper litho-button-wrapper\">\n\t\t\t\t\t<a class=\"elementor-button-link elementor-button elementor-size-sm hvr-grow \" href=\"https:\/\/count-it.eu\/faq\" role=\"button\">\n\t\t\t\t\t\t\t\t\t<span class=\"elementor-button-content-wrapper\">\n\t\t\t\t\t\t\t\t\t\t\t\t\t<span class=\"elementor-button-text\">FAQ<\/span>\n\t\t\t\t\t\t\t<\/span>\n\t\t\t\t\t\t\t\t\t<span class=\"screen-reader-text\">Button<\/span>\n\t\t\t\t\t<\/a>\n\t\t\t\t<\/div>\n\t\t\t\t\t\t\t<\/div>\n\t\t\t\t<\/div>\n\t\t\t\t<\/div>\n\t\t\t\t<\/div>\n\t\t","protected":false},"excerpt":{"rendered":"<p>Information Hub From general terms and conditions to practical help Information Hub The place to find all the important documents, manuals and answers. Everything clearly laid out in one central location, so you can get on with things quickly. Terms and conditions Button Privacy statement Button Instruction Digi scale Button FAQ Button<\/p>","protected":false},"author":2,"featured_media":0,"parent":78351,"menu_order":20,"comment_status":"closed","ping_status":"closed","template":"elementor_theme","meta":{"footnotes":""},"class_list":["post-79083","page","type-page","status-publish","hentry"],"yoast_head":"<!-- This site is optimized with the Yoast SEO plugin v27.3 - https:\/\/yoast.com\/product\/yoast-seo-wordpress\/ -->\n<title>Informatie hub - Count-IT<\/title>\n<meta name=\"robots\" content=\"index, follow, max-snippet:-1, max-image-preview:large, max-video-preview:-1\" \/>\n<link rel=\"canonical\" href=\"https:\/\/count-it.eu\/en\/about-us\/information-hub\/\" \/>\n<meta property=\"og:locale\" content=\"en_US\" \/>\n<meta property=\"og:type\" content=\"article\" \/>\n<meta property=\"og:title\" content=\"Informatie hub - Count-IT\" \/>\n<meta property=\"og:description\" content=\"Informatiehub Van algemene voorwaarden tot praktische hulp Informatiehub D\u00e9 plek waar je alle belangrijke documenten, handleidingen en antwoorden vindt. Alles overzichtelijk op \u00e9\u00e9n centrale locatie, zodat je snel verder kunt. Algemene voorwaarden Button Privacyverklaring Button Instructie Digi scale Button FAQ Button\" \/>\n<meta property=\"og:url\" content=\"https:\/\/count-it.eu\/en\/about-us\/information-hub\/\" \/>\n<meta property=\"og:site_name\" content=\"Count-IT\" \/>\n<meta property=\"article:publisher\" content=\"https:\/\/www.facebook.com\/countit.eu\" \/>\n<meta property=\"article:modified_time\" content=\"2026-03-23T11:21:19+00:00\" \/>\n<meta property=\"og:image\" content=\"https:\/\/count-it.eu\/wp-content\/uploads\/2025\/10\/Rectangle-Accent-e1760080647745.png\" \/>\n<meta name=\"twitter:card\" content=\"summary_large_image\" \/>\n<meta name=\"twitter:label1\" content=\"Est. reading time\" \/>\n\t<meta name=\"twitter:data1\" content=\"1 minute\" \/>\n<script type=\"application\/ld+json\" class=\"yoast-schema-graph\">{\"@context\":\"https:\\\/\\\/schema.org\",\"@graph\":[{\"@type\":\"WebPage\",\"@id\":\"https:\\\/\\\/count-it.eu\\\/over-ons\\\/informatie-hub\\\/\",\"url\":\"https:\\\/\\\/count-it.eu\\\/over-ons\\\/informatie-hub\\\/\",\"name\":\"Informatie hub - Count-IT\",\"isPartOf\":{\"@id\":\"https:\\\/\\\/count-it.eu\\\/#website\"},\"primaryImageOfPage\":{\"@id\":\"https:\\\/\\\/count-it.eu\\\/over-ons\\\/informatie-hub\\\/#primaryimage\"},\"image\":{\"@id\":\"https:\\\/\\\/count-it.eu\\\/over-ons\\\/informatie-hub\\\/#primaryimage\"},\"thumbnailUrl\":\"https:\\\/\\\/count-it.eu\\\/wp-content\\\/uploads\\\/2025\\\/10\\\/Rectangle-Accent-e1760080647745.png\",\"datePublished\":\"2025-11-19T09:08:16+00:00\",\"dateModified\":\"2026-03-23T11:21:19+00:00\",\"breadcrumb\":{\"@id\":\"https:\\\/\\\/count-it.eu\\\/over-ons\\\/informatie-hub\\\/#breadcrumb\"},\"inLanguage\":\"en-US\",\"potentialAction\":[{\"@type\":\"ReadAction\",\"target\":[\"https:\\\/\\\/count-it.eu\\\/over-ons\\\/informatie-hub\\\/\"]}]},{\"@type\":\"ImageObject\",\"inLanguage\":\"en-US\",\"@id\":\"https:\\\/\\\/count-it.eu\\\/over-ons\\\/informatie-hub\\\/#primaryimage\",\"url\":\"https:\\\/\\\/count-it.eu\\\/wp-content\\\/uploads\\\/2025\\\/10\\\/Rectangle-Accent-e1760080647745.png\",\"contentUrl\":\"https:\\\/\\\/count-it.eu\\\/wp-content\\\/uploads\\\/2025\\\/10\\\/Rectangle-Accent-e1760080647745.png\"},{\"@type\":\"BreadcrumbList\",\"@id\":\"https:\\\/\\\/count-it.eu\\\/over-ons\\\/informatie-hub\\\/#breadcrumb\",\"itemListElement\":[{\"@type\":\"ListItem\",\"position\":1,\"name\":\"Home\",\"item\":\"https:\\\/\\\/count-it.eu\\\/\"},{\"@type\":\"ListItem\",\"position\":2,\"name\":\"Over ons\",\"item\":\"https:\\\/\\\/count-it.eu\\\/over-ons\\\/\"},{\"@type\":\"ListItem\",\"position\":3,\"name\":\"Informatie hub\"}]},{\"@type\":\"WebSite\",\"@id\":\"https:\\\/\\\/count-it.eu\\\/#website\",\"url\":\"https:\\\/\\\/count-it.eu\\\/\",\"name\":\"Count-IT\",\"description\":\"Simple. Comprehensive. Excellent.\",\"publisher\":{\"@id\":\"https:\\\/\\\/count-it.eu\\\/#organization\"},\"potentialAction\":[{\"@type\":\"SearchAction\",\"target\":{\"@type\":\"EntryPoint\",\"urlTemplate\":\"https:\\\/\\\/count-it.eu\\\/?s={search_term_string}\"},\"query-input\":{\"@type\":\"PropertyValueSpecification\",\"valueRequired\":true,\"valueName\":\"search_term_string\"}}],\"inLanguage\":\"en-US\"},{\"@type\":\"Organization\",\"@id\":\"https:\\\/\\\/count-it.eu\\\/#organization\",\"name\":\"Count-IT\",\"url\":\"https:\\\/\\\/count-it.eu\\\/\",\"logo\":{\"@type\":\"ImageObject\",\"inLanguage\":\"en-US\",\"@id\":\"https:\\\/\\\/count-it.eu\\\/#\\\/schema\\\/logo\\\/image\\\/\",\"url\":\"https:\\\/\\\/count-it.eu\\\/wp-content\\\/uploads\\\/2020\\\/02\\\/Logo_Count_IT_RGB.png\",\"contentUrl\":\"https:\\\/\\\/count-it.eu\\\/wp-content\\\/uploads\\\/2020\\\/02\\\/Logo_Count_IT_RGB.png\",\"width\":1812,\"height\":638,\"caption\":\"Count-IT\"},\"image\":{\"@id\":\"https:\\\/\\\/count-it.eu\\\/#\\\/schema\\\/logo\\\/image\\\/\"},\"sameAs\":[\"https:\\\/\\\/www.facebook.com\\\/countit.eu\",\"https:\\\/\\\/www.instagram.com\\\/countit.eu\\\/\",\"https:\\\/\\\/www.youtube.com\\\/@count-it2374\",\"https:\\\/\\\/www.linkedin.com\\\/company\\\/count-it-eu\\\/\"]}]}<\/script>\n<!-- \/ Yoast SEO plugin. -->","yoast_head_json":{"title":"Information hub - Count-IT","robots":{"index":"index","follow":"follow","max-snippet":"max-snippet:-1","max-image-preview":"max-image-preview:large","max-video-preview":"max-video-preview:-1"},"canonical":"https:\/\/count-it.eu\/en\/about-us\/information-hub\/","og_locale":"en_US","og_type":"article","og_title":"Informatie hub - Count-IT","og_description":"Informatiehub Van algemene voorwaarden tot praktische hulp Informatiehub D\u00e9 plek waar je alle belangrijke documenten, handleidingen en antwoorden vindt. Alles overzichtelijk op \u00e9\u00e9n centrale locatie, zodat je snel verder kunt. Algemene voorwaarden Button Privacyverklaring Button Instructie Digi scale Button FAQ Button","og_url":"https:\/\/count-it.eu\/en\/about-us\/information-hub\/","og_site_name":"Count-IT","article_publisher":"https:\/\/www.facebook.com\/countit.eu","article_modified_time":"2026-03-23T11:21:19+00:00","og_image":[{"url":"https:\/\/count-it.eu\/wp-content\/uploads\/2025\/10\/Rectangle-Accent-e1760080647745.png","type":"","width":"","height":""}],"twitter_card":"summary_large_image","twitter_misc":{"Est. reading time":"1 minute"},"schema":{"@context":"https:\/\/schema.org","@graph":[{"@type":"WebPage","@id":"https:\/\/count-it.eu\/over-ons\/informatie-hub\/","url":"https:\/\/count-it.eu\/over-ons\/informatie-hub\/","name":"Information hub - Count-IT","isPartOf":{"@id":"https:\/\/count-it.eu\/#website"},"primaryImageOfPage":{"@id":"https:\/\/count-it.eu\/over-ons\/informatie-hub\/#primaryimage"},"image":{"@id":"https:\/\/count-it.eu\/over-ons\/informatie-hub\/#primaryimage"},"thumbnailUrl":"https:\/\/count-it.eu\/wp-content\/uploads\/2025\/10\/Rectangle-Accent-e1760080647745.png","datePublished":"2025-11-19T09:08:16+00:00","dateModified":"2026-03-23T11:21:19+00:00","breadcrumb":{"@id":"https:\/\/count-it.eu\/over-ons\/informatie-hub\/#breadcrumb"},"inLanguage":"en-US","potentialAction":[{"@type":"ReadAction","target":["https:\/\/count-it.eu\/over-ons\/informatie-hub\/"]}]},{"@type":"ImageObject","inLanguage":"en-US","@id":"https:\/\/count-it.eu\/over-ons\/informatie-hub\/#primaryimage","url":"https:\/\/count-it.eu\/wp-content\/uploads\/2025\/10\/Rectangle-Accent-e1760080647745.png","contentUrl":"https:\/\/count-it.eu\/wp-content\/uploads\/2025\/10\/Rectangle-Accent-e1760080647745.png"},{"@type":"BreadcrumbList","@id":"https:\/\/count-it.eu\/over-ons\/informatie-hub\/#breadcrumb","itemListElement":[{"@type":"ListItem","position":1,"name":"Home","item":"https:\/\/count-it.eu\/"},{"@type":"ListItem","position":2,"name":"Over ons","item":"https:\/\/count-it.eu\/over-ons\/"},{"@type":"ListItem","position":3,"name":"Informatie hub"}]},{"@type":"WebSite","@id":"https:\/\/count-it.eu\/#website","url":"https:\/\/count-it.eu\/","name":"Count-IT","description":"Simple. Comprehensive. Excellent.","publisher":{"@id":"https:\/\/count-it.eu\/#organization"},"potentialAction":[{"@type":"SearchAction","target":{"@type":"EntryPoint","urlTemplate":"https:\/\/count-it.eu\/?s={search_term_string}"},"query-input":{"@type":"PropertyValueSpecification","valueRequired":true,"valueName":"search_term_string"}}],"inLanguage":"en-US"},{"@type":"Organization","@id":"https:\/\/count-it.eu\/#organization","name":"Count-IT","url":"https:\/\/count-it.eu\/","logo":{"@type":"ImageObject","inLanguage":"en-US","@id":"https:\/\/count-it.eu\/#\/schema\/logo\/image\/","url":"https:\/\/count-it.eu\/wp-content\/uploads\/2020\/02\/Logo_Count_IT_RGB.png","contentUrl":"https:\/\/count-it.eu\/wp-content\/uploads\/2020\/02\/Logo_Count_IT_RGB.png","width":1812,"height":638,"caption":"Count-IT"},"image":{"@id":"https:\/\/count-it.eu\/#\/schema\/logo\/image\/"},"sameAs":["https:\/\/www.facebook.com\/countit.eu","https:\/\/www.instagram.com\/countit.eu\/","https:\/\/www.youtube.com\/@count-it2374","https:\/\/www.linkedin.com\/company\/count-it-eu\/"]}]}},"_links":{"self":[{"href":"https:\/\/count-it.eu\/en\/wp-json\/wp\/v2\/pages\/79083","targetHints":{"allow":["GET"]}}],"collection":[{"href":"https:\/\/count-it.eu\/en\/wp-json\/wp\/v2\/pages"}],"about":[{"href":"https:\/\/count-it.eu\/en\/wp-json\/wp\/v2\/types\/page"}],"author":[{"embeddable":true,"href":"https:\/\/count-it.eu\/en\/wp-json\/wp\/v2\/users\/2"}],"replies":[{"embeddable":true,"href":"https:\/\/count-it.eu\/en\/wp-json\/wp\/v2\/comments?post=79083"}],"version-history":[{"count":51,"href":"https:\/\/count-it.eu\/en\/wp-json\/wp\/v2\/pages\/79083\/revisions"}],"predecessor-version":[{"id":79974,"href":"https:\/\/count-it.eu\/en\/wp-json\/wp\/v2\/pages\/79083\/revisions\/79974"}],"up":[{"embeddable":true,"href":"https:\/\/count-it.eu\/en\/wp-json\/wp\/v2\/pages\/78351"}],"wp:attachment":[{"href":"https:\/\/count-it.eu\/en\/wp-json\/wp\/v2\/media?parent=79083"}],"curies":[{"name":"wp","href":"https:\/\/api.w.org\/{rel}","templated":true}]}}