{"id":78206,"date":"2025-10-23T14:05:09","date_gmt":"2025-10-23T14:05:09","guid":{"rendered":"https:\/\/webdev.count-it.eu\/count-it-site\/?page_id=78206"},"modified":"2026-03-23T11:17:09","modified_gmt":"2026-03-23T11:17:09","slug":"certification","status":"publish","type":"page","link":"https:\/\/count-it.eu\/en\/certificering\/","title":{"rendered":"Certification and compliance"},"content":{"rendered":"\t\t<div data-elementor-type=\"wp-page\" data-elementor-id=\"78206\" class=\"elementor elementor-78206\" data-elementor-post-type=\"page\">\n\t\t\t\t<div class=\"elementor-element elementor-element-278e66e1 e-con-full e-flex e-con e-parent\" data-id=\"278e66e1\" data-element_type=\"container\" data-e-type=\"container\" data-settings=\"{&quot;background_background&quot;:&quot;classic&quot;,&quot;background_motion_fx_motion_fx_scrolling&quot;:&quot;yes&quot;,&quot;background_motion_fx_range&quot;:&quot;page&quot;,&quot;background_motion_fx_devices&quot;:[&quot;desktop&quot;,&quot;tablet&quot;,&quot;mobile&quot;]}\">\n\t\t<div class=\"elementor-element elementor-element-879bf89 e-con-full cit-container e-flex e-con e-child\" data-id=\"879bf89\" data-element_type=\"container\" data-e-type=\"container\">\n\t\t\t\t<div class=\"elementor-element elementor-element-51ed1427 elementor-widget elementor-widget-heading\" data-id=\"51ed1427\" data-element_type=\"widget\" data-e-type=\"widget\" data-widget_type=\"heading.default\">\n\t\t\t\t\t<h1 class=\"elementor-heading-title elementor-size-default\"><span data-metadata=\"&lt;!--(figmeta)eyJmaWxlS2V5IjoiVXprTzJ3UVpyZnRuRXV0MXlmekhxWiIsInBhc3RlSUQiOjIwOTg5MTExOTYsImRhdGFUeXBlIjoic2NlbmUifQo=(\/figmeta)--&gt;\"><\/span>Certificering en compliance<\/h1>\t\t\t\t<\/div>\n\t\t\t\t<div class=\"elementor-element elementor-element-6e1ee99b elementor-widget elementor-widget-litho-heading\" data-id=\"6e1ee99b\" data-element_type=\"widget\" data-e-type=\"widget\" data-widget_type=\"litho-heading.default\">\n\t\t\t\t<div class=\"elementor-widget-container\">\n\t\t\t\t\t<h2 class=\"litho-heading elementor-size-default\"><span class=\"litho-primary-title\">Altijd volgens de regels - zonder zorgen<\/span><\/h2>\t\t\t\t<\/div>\n\t\t\t\t<\/div>\n\t\t\t\t<\/div>\n\t\t\t\t<\/div>\n\t\t<div class=\"elementor-element elementor-element-792da1d7 cit-container e-con-full e-flex e-con e-parent\" data-id=\"792da1d7\" data-element_type=\"container\" data-e-type=\"container\">\n\t\t<div class=\"elementor-element elementor-element-754016ff e-con-full e-flex e-con e-child\" data-id=\"754016ff\" data-element_type=\"container\" data-e-type=\"container\">\n\t\t\t\t<div class=\"elementor-element elementor-element-140f50ce elementor-widget__width-initial elementor-widget elementor-widget-heading\" data-id=\"140f50ce\" data-element_type=\"widget\" data-e-type=\"widget\" data-widget_type=\"heading.default\">\n\t\t\t\t\t<h2 class=\"elementor-heading-title elementor-size-default\">Count-IT, you can count on it<\/h2>\t\t\t\t<\/div>\n\t\t\t\t<div class=\"elementor-element elementor-element-12331cf6 elementor-widget__width-initial elementor-widget elementor-widget-image\" data-id=\"12331cf6\" data-element_type=\"widget\" data-e-type=\"widget\" data-widget_type=\"image.default\">\n\t\t\t\t\t\t\t\t\t\t\t\t\t\t\t<img decoding=\"async\" width=\"64\" height=\"6\" src=\"https:\/\/count-it.eu\/wp-content\/uploads\/2025\/10\/Rectangle-Accent-e1760080647745.png\" class=\"attachment-full size-full wp-image-77581\" alt=\"Rectangle Accent\" \/>\t\t\t\t\t\t\t\t\t\t\t\t\t\t\t<\/div>\n\t\t\t\t<\/div>\n\t\t<div class=\"elementor-element elementor-element-9a2904b e-con-full e-flex e-con e-child\" data-id=\"9a2904b\" data-element_type=\"container\" data-e-type=\"container\">\n\t\t\t\t<div class=\"elementor-element elementor-element-4b091fda elementor-widget__width-inherit elementor-widget elementor-widget-text-editor\" data-id=\"4b091fda\" data-element_type=\"widget\" data-e-type=\"widget\" data-widget_type=\"text-editor.default\">\n\t\t\t\t\t\t\t\t\t<p>Bij Count-IT staat betrouwbaarheid en transparantie centraal. Daarom voldoen onze kassasystemen aan de fiscale eisen in zowel Duitsland als Belgi\u00eb.<\/p>\t\t\t\t\t\t\t\t<\/div>\n\t\t\t\t<\/div>\n\t\t\t\t<\/div>\n\t\t<div class=\"elementor-element elementor-element-03ae08d e-con-full cit-container e-flex e-con e-parent\" data-id=\"03ae08d\" data-element_type=\"container\" data-e-type=\"container\">\n\t\t<div class=\"elementor-element elementor-element-2f84572c e-con-full cit-container e-flex e-con e-child\" data-id=\"2f84572c\" data-element_type=\"container\" data-e-type=\"container\">\n\t\t\t\t<div class=\"elementor-element elementor-element-54d8f365 elementor-widget__width-initial elementor-widget elementor-widget-heading\" data-id=\"54d8f365\" data-element_type=\"widget\" data-e-type=\"widget\" data-widget_type=\"heading.default\">\n\t\t\t\t\t<h1 class=\"elementor-heading-title elementor-size-default\">KassenSichV en DSFinV-K <\/h1>\t\t\t\t<\/div>\n\t\t\t\t<div class=\"elementor-element elementor-element-371e80f0 elementor-widget elementor-widget-text-editor\" data-id=\"371e80f0\" data-element_type=\"widget\" data-e-type=\"widget\" data-widget_type=\"text-editor.default\">\n\t\t\t\t\t\t\t\t\t<p>Count IT B.V. is trots op de samenwerking met\u00a0<a href=\"https:\/\/kassensichv.net\/\">Fiskaly GmbH<\/a> in Duitsland, de enige aanbieder met een volledig gecertificeerde Cloud TSS-oplossing. Dankzij deze API-integratie voldoen onze kassasystemen aan de strenge eisen van de Duitse KassenSicherungsverordnung (KassenSichV) en dragen wij actief bij aan de naleving van de GoBD.<\/p><p>Elke transactie die via onze\u00a0Count-IT applicatie\u00a0wordt gestart of voltooid, wordt automatisch doorgestuurd naar Fiskaly. Daar worden de gegevens \u2013 zoals artikelnaam, hoeveelheid, btw-categorie en kortingen \u2013\u00a0digitaal geregistreerd en ondertekend. De gegenereerde handtekening verschijnt in de voettekst van de kassabon en bevestigt de authenticiteit van de transactie. Ook kunnen gebruikers eenvoudig\u00a0DSFinV-K-bestanden downloaden, wat essentieel is voor fiscale audits in Duitsland.<\/p>\t\t\t\t\t\t\t\t<\/div>\n\t\t\t\t<div class=\"elementor-element elementor-element-3a2077bb elementor-align-left elementor-widget elementor-widget-litho-button\" data-id=\"3a2077bb\" data-element_type=\"widget\" data-e-type=\"widget\" data-widget_type=\"litho-button.default\">\n\t\t\t\t<div class=\"elementor-widget-container\">\n\t\t\t\t\t\t\t\t\t<div class=\"elementor-button-wrapper litho-button-wrapper\">\n\t\t\t\t\t<a class=\"elementor-button-link elementor-button elementor-size-sm hvr-grow \" href=\"https:\/\/kassensichv.net\/en\/articles\/necessary-documents-for-cash-audit\" target=\"_blank\" role=\"button\">\n\t\t\t\t\t\t\t\t\t<span class=\"elementor-button-content-wrapper\">\n\t\t\t\t\t\t\t\t\t\t\t\t\t<span class=\"elementor-button-text\">CERTIFICATEN<\/span>\n\t\t\t\t\t\t\t<\/span>\n\t\t\t\t\t\t\t\t\t<span class=\"screen-reader-text\">Button<\/span>\n\t\t\t\t\t<\/a>\n\t\t\t\t<\/div>\n\t\t\t\t\t\t\t<\/div>\n\t\t\t\t<\/div>\n\t\t\t\t<\/div>\n\t\t\t\t<\/div>\n\t\t<div class=\"elementor-element elementor-element-00f1f24 e-con-full cit-container e-flex e-con e-parent\" data-id=\"00f1f24\" data-element_type=\"container\" data-e-type=\"container\">\n\t\t<div class=\"elementor-element elementor-element-0fe65ff e-con-full cit-container e-flex e-con e-child\" data-id=\"0fe65ff\" data-element_type=\"container\" data-e-type=\"container\">\n\t\t\t\t<div class=\"elementor-element elementor-element-b1e4557 elementor-widget__width-initial elementor-widget elementor-widget-heading\" data-id=\"b1e4557\" data-element_type=\"widget\" data-e-type=\"widget\" data-widget_type=\"heading.default\">\n\t\t\t\t\t<h1 class=\"elementor-heading-title elementor-size-default\">GoBD\u200b<\/h1>\t\t\t\t<\/div>\n\t\t\t\t<div class=\"elementor-element elementor-element-e0e8dcb elementor-widget elementor-widget-text-editor\" data-id=\"e0e8dcb\" data-element_type=\"widget\" data-e-type=\"widget\" data-widget_type=\"text-editor.default\">\n\t\t\t\t\t\t\t\t\t<p>Count-IT B.V. heeft in samenwerking met\u00a0<a href=\"https:\/\/www.interev.de\/gobd\/\">Interev GmbH<\/a> een offici\u00eble procedurele documentatie (\u201d<em>Verfahrensdokumentation\u201d)<\/em> opgesteld. Deze documentatie is gecertificeerd en verzegeld door Interev en dient als bewijs dat onze kassasystemen voldoen aan de Duitse GoBD-richtlijnen.<\/p><p>Een goed opgestelde procedurele documentatie is verplicht bij het gebruik van elektronische kassasystemen in Duitsland. Het voorkomt dat een boekhouding bij een belastingcontrole wordt verworpen en biedt transparantie over de werking van het systeem.<\/p><p><b>Wat is GoBD?<br \/><\/b>GoBD\u00a0staat voor\u00a0<em>Grunds\u00e4tze zur ordnungsm\u00e4\u00dfigen F\u00fchrung und Aufbewahrung von B\u00fcchern, Aufzeichnungen und Unterlagen in elektronischer Form sowie zum Datenzugriff<\/em>. Het is een richtlijn van het Duitse Ministerie van Financi\u00ebn die bepaalt hoe bedrijven hun boekhouding en belastingrelevante documenten digitaal moeten bewaren en beheren.<\/p><p>De GoBD stelt eisen aan:<\/p><ul><li>Volledigheid en juistheid\u00a0van gegevens<\/li><li>Onveranderbaarheid\u00a0van documenten<\/li><li>Toegankelijkheid\u00a0voor belastingcontroles<\/li><li>Documentatie van processen\u00a0en digitale archivering<\/li><\/ul><p>Niet voldoen aan de GoBD kan leiden tot\u00a0belastingboetes, herbeoordelingen of zelfs strafrechtelijke gevolgen.<\/p>\t\t\t\t\t\t\t\t<\/div>\n\t\t\t\t<div class=\"elementor-element elementor-element-c120932 elementor-align-left elementor-widget elementor-widget-litho-button\" data-id=\"c120932\" data-element_type=\"widget\" data-e-type=\"widget\" data-widget_type=\"litho-button.default\">\n\t\t\t\t<div class=\"elementor-widget-container\">\n\t\t\t\t\t\t\t\t\t<div class=\"elementor-button-wrapper litho-button-wrapper\">\n\t\t\t\t\t<a class=\"elementor-button-link elementor-button elementor-size-sm hvr-grow \" href=\"#elementor-action%3Aaction%3Dpopup%3Aopen%26settings%3DeyJpZCI6Ijc4NzM0IiwidG9nZ2xlIjpmYWxzZX0%3D\" target=\"_blank\" role=\"button\">\n\t\t\t\t\t\t\t\t\t<span class=\"elementor-button-content-wrapper\">\n\t\t\t\t\t\t\t\t\t\t\t\t\t<span class=\"elementor-button-text\">DOCUMENTATIE OPVRAGEN<\/span>\n\t\t\t\t\t\t\t<\/span>\n\t\t\t\t\t\t\t\t\t<span class=\"screen-reader-text\">Button<\/span>\n\t\t\t\t\t<\/a>\n\t\t\t\t<\/div>\n\t\t\t\t\t\t\t<\/div>\n\t\t\t\t<\/div>\n\t\t\t\t<\/div>\n\t\t\t\t<\/div>\n\t\t<div class=\"elementor-element elementor-element-cc26495 e-con-full cit-container e-flex e-con e-parent\" data-id=\"cc26495\" data-element_type=\"container\" data-e-type=\"container\">\n\t\t<div class=\"elementor-element elementor-element-2d6d8f5 e-con-full cit-container e-flex e-con e-child\" data-id=\"2d6d8f5\" data-element_type=\"container\" data-e-type=\"container\">\n\t\t\t\t<div class=\"elementor-element elementor-element-774e772 elementor-widget__width-initial elementor-widget elementor-widget-heading\" data-id=\"774e772\" data-element_type=\"widget\" data-e-type=\"widget\" data-widget_type=\"heading.default\">\n\t\t\t\t\t<h1 class=\"elementor-heading-title elementor-size-default\">Circulaire 2020\/C\/20 van 27 januari 2020<\/h1>\t\t\t\t<\/div>\n\t\t\t\t<div class=\"elementor-element elementor-element-b69ee1d elementor-widget elementor-widget-text-editor\" data-id=\"b69ee1d\" data-element_type=\"widget\" data-e-type=\"widget\" data-widget_type=\"text-editor.default\">\n\t\t\t\t\t\t\t\t\t<p>Count-IT B.V. heeft een directe\u00a0API-integratie met\u00a0<a href=\"https:\/\/www.scrada.be\/\">Scrada<\/a>\u00a0in Belgi\u00eb. Door deze koppeling kunnen gebruikers via de Count-IT applicatie gebruikmaken van de modules\u00a0Dagontvangstenboek\u00a0en\u00a0Kasboek.<\/p><p>Deze digitale boekhoudmodules voldoen aan de bepalingen van de Belgische\u00a0boekhoudwetgeving\u00a0en aan de\u00a0Circulaire 2020\/C\/20 van 27 januari 2020, uitgegeven door de\u00a0FOD Financi\u00ebn. Hiermee dragen wij actief bij aan een correcte en transparante verwerking van kastransacties binnen het Belgische fiscale kader.<\/p>\t\t\t\t\t\t\t\t<\/div>\n\t\t\t\t<div class=\"elementor-element elementor-element-4077130 elementor-align-left elementor-widget elementor-widget-litho-button\" data-id=\"4077130\" data-element_type=\"widget\" data-e-type=\"widget\" data-widget_type=\"litho-button.default\">\n\t\t\t\t<div class=\"elementor-widget-container\">\n\t\t\t\t\t\t\t\t\t<div class=\"elementor-button-wrapper litho-button-wrapper\">\n\t\t\t\t\t<a class=\"elementor-button-link elementor-button elementor-size-sm hvr-grow \" href=\"https:\/\/count-it.eu\/portfolio\/certificering-scrada\" target=\"_blank\" role=\"button\">\n\t\t\t\t\t\t\t\t\t<span class=\"elementor-button-content-wrapper\">\n\t\t\t\t\t\t\t\t\t\t\t\t\t<span class=\"elementor-button-text\">ONTDEK SCRADA<\/span>\n\t\t\t\t\t\t\t<\/span>\n\t\t\t\t\t\t\t\t\t<span class=\"screen-reader-text\">Button<\/span>\n\t\t\t\t\t<\/a>\n\t\t\t\t<\/div>\n\t\t\t\t\t\t\t<\/div>\n\t\t\t\t<\/div>\n\t\t\t\t<\/div>\n\t\t\t\t<\/div>\n\t\t<div class=\"elementor-element elementor-element-ffa1d1c e-con-full cit-container e-flex e-con e-parent\" data-id=\"ffa1d1c\" data-element_type=\"container\" data-e-type=\"container\">\n\t\t<div class=\"elementor-element elementor-element-1a7c2d5 e-con-full cit-container e-flex e-con e-child\" data-id=\"1a7c2d5\" data-element_type=\"container\" data-e-type=\"container\">\n\t\t\t\t<div class=\"elementor-element elementor-element-e0f6440 elementor-widget__width-initial elementor-widget elementor-widget-heading\" data-id=\"e0f6440\" data-element_type=\"widget\" data-e-type=\"widget\" data-widget_type=\"heading.default\">\n\t\t\t\t\t<h1 class=\"elementor-heading-title elementor-size-default\">Peppol<\/h1>\t\t\t\t<\/div>\n\t\t\t\t<div class=\"elementor-element elementor-element-d63b365 elementor-widget elementor-widget-text-editor\" data-id=\"d63b365\" data-element_type=\"widget\" data-e-type=\"widget\" data-widget_type=\"text-editor.default\">\n\t\t\t\t\t\t\t\t\t<p>Vanaf 1 januari 2026 wordt elektronische facturatie via het Peppol-netwerk verplicht voor alle Belgische BTW-plichtige ondernemingen die actief zijn in de B2B-markt.<\/p><p>Peppol is een Europees netwerk voor veilige en gestandaardiseerde elektronische facturatie en documentuitwisseling tussen bedrijven en overheden. Het is geen softwarepakket, maar een infrastructuur die facturatiesoftware van bedrijven met elkaar verbindt. Binnen Count-IT is het mogelijk om via Peppol te werken dankzij de koppeling met Scrada, waardoor e-facturen snel, betrouwbaar en conform de regelgeving kunnen worden verzonden en ontvangen.<\/p>\t\t\t\t\t\t\t\t<\/div>\n\t\t\t\t<div class=\"elementor-element elementor-element-d545e7c elementor-align-left elementor-widget elementor-widget-litho-button\" data-id=\"d545e7c\" data-element_type=\"widget\" data-e-type=\"widget\" data-widget_type=\"litho-button.default\">\n\t\t\t\t<div class=\"elementor-widget-container\">\n\t\t\t\t\t\t\t\t\t<div class=\"elementor-button-wrapper litho-button-wrapper\">\n\t\t\t\t\t<a class=\"elementor-button-link elementor-button elementor-size-sm hvr-grow \" href=\"https:\/\/count-it.eu\/portfolio\/facturatie-peppol\" target=\"_blank\" role=\"button\">\n\t\t\t\t\t\t\t\t\t<span class=\"elementor-button-content-wrapper\">\n\t\t\t\t\t\t\t\t\t\t\t\t\t<span class=\"elementor-button-text\">ONTDEK PEPPOL<\/span>\n\t\t\t\t\t\t\t<\/span>\n\t\t\t\t\t\t\t\t\t<span class=\"screen-reader-text\">Button<\/span>\n\t\t\t\t\t<\/a>\n\t\t\t\t<\/div>\n\t\t\t\t\t\t\t<\/div>\n\t\t\t\t<\/div>\n\t\t\t\t<\/div>\n\t\t\t\t<\/div>\n\t\t\t\t<\/div>\n\t\t","protected":false},"excerpt":{"rendered":"<p>Certificering en compliance Altijd volgens de regels &#8211; zonder zorgen Count-IT, you can count on it Bij Count-IT staat betrouwbaarheid en transparantie centraal. Daarom voldoen onze kassasystemen aan de fiscale eisen in zowel Duitsland als Belgi\u00eb. KassenSichV en DSFinV-K Count IT B.V. is trots op de samenwerking met\u00a0Fiskaly GmbH in Duitsland, de enige aanbieder met [&hellip;]<\/p>\n","protected":false},"author":2,"featured_media":0,"parent":0,"menu_order":10,"comment_status":"closed","ping_status":"closed","template":"elementor_theme","meta":{"footnotes":""},"class_list":["post-78206","page","type-page","status-publish","hentry"],"yoast_head":"<!-- This site is optimized with the Yoast SEO plugin v27.3 - https:\/\/yoast.com\/product\/yoast-seo-wordpress\/ -->\n<title>Certificering en compliance - Count-IT<\/title>\n<meta name=\"robots\" content=\"index, follow, max-snippet:-1, max-image-preview:large, max-video-preview:-1\" \/>\n<link rel=\"canonical\" href=\"https:\/\/count-it.eu\/en\/certification\/\" \/>\n<meta property=\"og:locale\" content=\"en_US\" \/>\n<meta property=\"og:type\" content=\"article\" \/>\n<meta property=\"og:title\" content=\"Certificering en compliance - Count-IT\" \/>\n<meta property=\"og:description\" content=\"Certificering en compliance Altijd volgens de regels &#8211; zonder zorgen Count-IT, you can count on it Bij Count-IT staat betrouwbaarheid en transparantie centraal. Daarom voldoen onze kassasystemen aan de fiscale eisen in zowel Duitsland als Belgi\u00eb. KassenSichV en DSFinV-K Count IT B.V. is trots op de samenwerking met\u00a0Fiskaly GmbH in Duitsland, de enige aanbieder met [&hellip;]\" \/>\n<meta property=\"og:url\" content=\"https:\/\/count-it.eu\/en\/certification\/\" \/>\n<meta property=\"og:site_name\" content=\"Count-IT\" \/>\n<meta property=\"article:publisher\" content=\"https:\/\/www.facebook.com\/countit.eu\" \/>\n<meta property=\"article:modified_time\" content=\"2026-03-23T11:17:09+00:00\" \/>\n<meta property=\"og:image\" content=\"https:\/\/count-it.eu\/wp-content\/uploads\/2025\/10\/Rectangle-Accent-e1760080647745.png\" \/>\n<meta name=\"twitter:card\" content=\"summary_large_image\" \/>\n<meta name=\"twitter:label1\" content=\"Est. reading time\" \/>\n\t<meta name=\"twitter:data1\" content=\"3 minutes\" \/>\n<script type=\"application\/ld+json\" class=\"yoast-schema-graph\">{\"@context\":\"https:\\\/\\\/schema.org\",\"@graph\":[{\"@type\":\"WebPage\",\"@id\":\"https:\\\/\\\/count-it.eu\\\/certificering\\\/\",\"url\":\"https:\\\/\\\/count-it.eu\\\/certificering\\\/\",\"name\":\"Certificering en compliance - Count-IT\",\"isPartOf\":{\"@id\":\"https:\\\/\\\/count-it.eu\\\/#website\"},\"primaryImageOfPage\":{\"@id\":\"https:\\\/\\\/count-it.eu\\\/certificering\\\/#primaryimage\"},\"image\":{\"@id\":\"https:\\\/\\\/count-it.eu\\\/certificering\\\/#primaryimage\"},\"thumbnailUrl\":\"https:\\\/\\\/count-it.eu\\\/wp-content\\\/uploads\\\/2025\\\/10\\\/Rectangle-Accent-e1760080647745.png\",\"datePublished\":\"2025-10-23T14:05:09+00:00\",\"dateModified\":\"2026-03-23T11:17:09+00:00\",\"breadcrumb\":{\"@id\":\"https:\\\/\\\/count-it.eu\\\/certificering\\\/#breadcrumb\"},\"inLanguage\":\"en-US\",\"potentialAction\":[{\"@type\":\"ReadAction\",\"target\":[\"https:\\\/\\\/count-it.eu\\\/certificering\\\/\"]}]},{\"@type\":\"ImageObject\",\"inLanguage\":\"en-US\",\"@id\":\"https:\\\/\\\/count-it.eu\\\/certificering\\\/#primaryimage\",\"url\":\"https:\\\/\\\/count-it.eu\\\/wp-content\\\/uploads\\\/2025\\\/10\\\/Rectangle-Accent-e1760080647745.png\",\"contentUrl\":\"https:\\\/\\\/count-it.eu\\\/wp-content\\\/uploads\\\/2025\\\/10\\\/Rectangle-Accent-e1760080647745.png\"},{\"@type\":\"BreadcrumbList\",\"@id\":\"https:\\\/\\\/count-it.eu\\\/certificering\\\/#breadcrumb\",\"itemListElement\":[{\"@type\":\"ListItem\",\"position\":1,\"name\":\"Home\",\"item\":\"https:\\\/\\\/count-it.eu\\\/\"},{\"@type\":\"ListItem\",\"position\":2,\"name\":\"Certificering en compliance\"}]},{\"@type\":\"WebSite\",\"@id\":\"https:\\\/\\\/count-it.eu\\\/#website\",\"url\":\"https:\\\/\\\/count-it.eu\\\/\",\"name\":\"Count-IT\",\"description\":\"Simple. Comprehensive. Excellent.\",\"publisher\":{\"@id\":\"https:\\\/\\\/count-it.eu\\\/#organization\"},\"potentialAction\":[{\"@type\":\"SearchAction\",\"target\":{\"@type\":\"EntryPoint\",\"urlTemplate\":\"https:\\\/\\\/count-it.eu\\\/?s={search_term_string}\"},\"query-input\":{\"@type\":\"PropertyValueSpecification\",\"valueRequired\":true,\"valueName\":\"search_term_string\"}}],\"inLanguage\":\"en-US\"},{\"@type\":\"Organization\",\"@id\":\"https:\\\/\\\/count-it.eu\\\/#organization\",\"name\":\"Count-IT\",\"url\":\"https:\\\/\\\/count-it.eu\\\/\",\"logo\":{\"@type\":\"ImageObject\",\"inLanguage\":\"en-US\",\"@id\":\"https:\\\/\\\/count-it.eu\\\/#\\\/schema\\\/logo\\\/image\\\/\",\"url\":\"https:\\\/\\\/count-it.eu\\\/wp-content\\\/uploads\\\/2020\\\/02\\\/Logo_Count_IT_RGB.png\",\"contentUrl\":\"https:\\\/\\\/count-it.eu\\\/wp-content\\\/uploads\\\/2020\\\/02\\\/Logo_Count_IT_RGB.png\",\"width\":1812,\"height\":638,\"caption\":\"Count-IT\"},\"image\":{\"@id\":\"https:\\\/\\\/count-it.eu\\\/#\\\/schema\\\/logo\\\/image\\\/\"},\"sameAs\":[\"https:\\\/\\\/www.facebook.com\\\/countit.eu\",\"https:\\\/\\\/www.instagram.com\\\/countit.eu\\\/\",\"https:\\\/\\\/www.youtube.com\\\/@count-it2374\",\"https:\\\/\\\/www.linkedin.com\\\/company\\\/count-it-eu\\\/\"]}]}<\/script>\n<!-- \/ Yoast SEO plugin. -->","yoast_head_json":{"title":"Certification and compliance - Count-IT","robots":{"index":"index","follow":"follow","max-snippet":"max-snippet:-1","max-image-preview":"max-image-preview:large","max-video-preview":"max-video-preview:-1"},"canonical":"https:\/\/count-it.eu\/en\/certification\/","og_locale":"en_US","og_type":"article","og_title":"Certificering en compliance - Count-IT","og_description":"Certificering en compliance Altijd volgens de regels &#8211; zonder zorgen Count-IT, you can count on it Bij Count-IT staat betrouwbaarheid en transparantie centraal. Daarom voldoen onze kassasystemen aan de fiscale eisen in zowel Duitsland als Belgi\u00eb. KassenSichV en DSFinV-K Count IT B.V. is trots op de samenwerking met\u00a0Fiskaly GmbH in Duitsland, de enige aanbieder met [&hellip;]","og_url":"https:\/\/count-it.eu\/en\/certification\/","og_site_name":"Count-IT","article_publisher":"https:\/\/www.facebook.com\/countit.eu","article_modified_time":"2026-03-23T11:17:09+00:00","og_image":[{"url":"https:\/\/count-it.eu\/wp-content\/uploads\/2025\/10\/Rectangle-Accent-e1760080647745.png","type":"","width":"","height":""}],"twitter_card":"summary_large_image","twitter_misc":{"Est. reading time":"3 minutes"},"schema":{"@context":"https:\/\/schema.org","@graph":[{"@type":"WebPage","@id":"https:\/\/count-it.eu\/certificering\/","url":"https:\/\/count-it.eu\/certificering\/","name":"Certification and compliance - Count-IT","isPartOf":{"@id":"https:\/\/count-it.eu\/#website"},"primaryImageOfPage":{"@id":"https:\/\/count-it.eu\/certificering\/#primaryimage"},"image":{"@id":"https:\/\/count-it.eu\/certificering\/#primaryimage"},"thumbnailUrl":"https:\/\/count-it.eu\/wp-content\/uploads\/2025\/10\/Rectangle-Accent-e1760080647745.png","datePublished":"2025-10-23T14:05:09+00:00","dateModified":"2026-03-23T11:17:09+00:00","breadcrumb":{"@id":"https:\/\/count-it.eu\/certificering\/#breadcrumb"},"inLanguage":"en-US","potentialAction":[{"@type":"ReadAction","target":["https:\/\/count-it.eu\/certificering\/"]}]},{"@type":"ImageObject","inLanguage":"en-US","@id":"https:\/\/count-it.eu\/certificering\/#primaryimage","url":"https:\/\/count-it.eu\/wp-content\/uploads\/2025\/10\/Rectangle-Accent-e1760080647745.png","contentUrl":"https:\/\/count-it.eu\/wp-content\/uploads\/2025\/10\/Rectangle-Accent-e1760080647745.png"},{"@type":"BreadcrumbList","@id":"https:\/\/count-it.eu\/certificering\/#breadcrumb","itemListElement":[{"@type":"ListItem","position":1,"name":"Home","item":"https:\/\/count-it.eu\/"},{"@type":"ListItem","position":2,"name":"Certificering en compliance"}]},{"@type":"WebSite","@id":"https:\/\/count-it.eu\/#website","url":"https:\/\/count-it.eu\/","name":"Count-IT","description":"Simple. Comprehensive. Excellent.","publisher":{"@id":"https:\/\/count-it.eu\/#organization"},"potentialAction":[{"@type":"SearchAction","target":{"@type":"EntryPoint","urlTemplate":"https:\/\/count-it.eu\/?s={search_term_string}"},"query-input":{"@type":"PropertyValueSpecification","valueRequired":true,"valueName":"search_term_string"}}],"inLanguage":"en-US"},{"@type":"Organization","@id":"https:\/\/count-it.eu\/#organization","name":"Count-IT","url":"https:\/\/count-it.eu\/","logo":{"@type":"ImageObject","inLanguage":"en-US","@id":"https:\/\/count-it.eu\/#\/schema\/logo\/image\/","url":"https:\/\/count-it.eu\/wp-content\/uploads\/2020\/02\/Logo_Count_IT_RGB.png","contentUrl":"https:\/\/count-it.eu\/wp-content\/uploads\/2020\/02\/Logo_Count_IT_RGB.png","width":1812,"height":638,"caption":"Count-IT"},"image":{"@id":"https:\/\/count-it.eu\/#\/schema\/logo\/image\/"},"sameAs":["https:\/\/www.facebook.com\/countit.eu","https:\/\/www.instagram.com\/countit.eu\/","https:\/\/www.youtube.com\/@count-it2374","https:\/\/www.linkedin.com\/company\/count-it-eu\/"]}]}},"_links":{"self":[{"href":"https:\/\/count-it.eu\/en\/wp-json\/wp\/v2\/pages\/78206","targetHints":{"allow":["GET"]}}],"collection":[{"href":"https:\/\/count-it.eu\/en\/wp-json\/wp\/v2\/pages"}],"about":[{"href":"https:\/\/count-it.eu\/en\/wp-json\/wp\/v2\/types\/page"}],"author":[{"embeddable":true,"href":"https:\/\/count-it.eu\/en\/wp-json\/wp\/v2\/users\/2"}],"replies":[{"embeddable":true,"href":"https:\/\/count-it.eu\/en\/wp-json\/wp\/v2\/comments?post=78206"}],"version-history":[{"count":57,"href":"https:\/\/count-it.eu\/en\/wp-json\/wp\/v2\/pages\/78206\/revisions"}],"predecessor-version":[{"id":79941,"href":"https:\/\/count-it.eu\/en\/wp-json\/wp\/v2\/pages\/78206\/revisions\/79941"}],"wp:attachment":[{"href":"https:\/\/count-it.eu\/en\/wp-json\/wp\/v2\/media?parent=78206"}],"curies":[{"name":"wp","href":"https:\/\/api.w.org\/{rel}","templated":true}]}}