{"id":77512,"date":"2025-10-08T14:01:15","date_gmt":"2025-10-08T14:01:15","guid":{"rendered":"https:\/\/webdev.count-it.eu\/count-it-site\/?page_id=77512"},"modified":"2026-03-23T11:15:47","modified_gmt":"2026-03-23T11:15:47","slug":"retail","status":"publish","type":"page","link":"https:\/\/count-it.eu\/en\/retail\/","title":{"rendered":"Expertise Retail"},"content":{"rendered":"\t\t<div data-elementor-type=\"wp-page\" data-elementor-id=\"77512\" class=\"elementor elementor-77512\" data-elementor-post-type=\"page\">\n\t\t\t\t<div class=\"elementor-element elementor-element-52467f5e e-con-full e-flex e-con e-parent\" data-id=\"52467f5e\" data-element_type=\"container\" data-e-type=\"container\" data-settings=\"{&quot;background_background&quot;:&quot;classic&quot;,&quot;background_motion_fx_motion_fx_scrolling&quot;:&quot;yes&quot;,&quot;background_motion_fx_range&quot;:&quot;page&quot;,&quot;background_motion_fx_devices&quot;:[&quot;desktop&quot;,&quot;tablet&quot;,&quot;mobile&quot;]}\">\n\t\t<div class=\"elementor-element elementor-element-4f494050 e-con-full cit-container e-flex e-con e-child\" data-id=\"4f494050\" data-element_type=\"container\" data-e-type=\"container\">\n\t\t\t\t<div class=\"elementor-element elementor-element-2a5b4585 elementor-widget elementor-widget-heading\" data-id=\"2a5b4585\" data-element_type=\"widget\" data-e-type=\"widget\" data-widget_type=\"heading.default\">\n\t\t\t\t\t<h1 class=\"elementor-heading-title elementor-size-default\">Retail - alles voor een soepele winkelervaring<\/h1>\t\t\t\t<\/div>\n\t\t\t\t<div class=\"elementor-element elementor-element-ec7206e elementor-widget elementor-widget-litho-heading\" data-id=\"ec7206e\" data-element_type=\"widget\" data-e-type=\"widget\" data-widget_type=\"litho-heading.default\">\n\t\t\t\t<div class=\"elementor-widget-container\">\n\t\t\t\t\t<h2 class=\"litho-heading elementor-size-default\"><span class=\"litho-primary-title\">Effici\u00ebntie op de winkelvloer, inzicht achter de schermen<\/span><\/h2>\t\t\t\t<\/div>\n\t\t\t\t<\/div>\n\t\t\t\t<\/div>\n\t\t\t\t<\/div>\n\t\t<div class=\"elementor-element elementor-element-2f8c40c8 cit-container e-flex e-con-boxed e-con e-parent\" data-id=\"2f8c40c8\" data-element_type=\"container\" data-e-type=\"container\">\n\t\t\t\t\t<div class=\"e-con-inner\">\n\t\t<div class=\"elementor-element elementor-element-3e1cec24 e-con-full e-flex e-con e-child\" data-id=\"3e1cec24\" data-element_type=\"container\" data-e-type=\"container\">\n\t\t\t\t<div class=\"elementor-element elementor-element-288e8bc elementor-widget__width-initial elementor-widget elementor-widget-heading\" data-id=\"288e8bc\" data-element_type=\"widget\" data-e-type=\"widget\" data-widget_type=\"heading.default\">\n\t\t\t\t\t<h2 class=\"elementor-heading-title elementor-size-default\">Technologie die jouw winkel vooruithelpt<\/h2>\t\t\t\t<\/div>\n\t\t\t\t<div class=\"elementor-element elementor-element-f9b8a4b elementor-widget__width-initial elementor-widget elementor-widget-image\" data-id=\"f9b8a4b\" data-element_type=\"widget\" data-e-type=\"widget\" data-widget_type=\"image.default\">\n\t\t\t\t\t\t\t\t\t\t\t\t\t\t\t<img decoding=\"async\" width=\"64\" height=\"6\" src=\"https:\/\/count-it.eu\/wp-content\/uploads\/2025\/09\/Rectangle-Retail-e1758803487391.png\" class=\"attachment-full size-full wp-image-76239\" alt=\"Rectangle Retail\" \/>\t\t\t\t\t\t\t\t\t\t\t\t\t\t\t<\/div>\n\t\t\t\t<\/div>\n\t\t<div class=\"elementor-element elementor-element-21133488 e-con-full e-flex e-con e-child\" data-id=\"21133488\" data-element_type=\"container\" data-e-type=\"container\">\n\t\t\t\t<div class=\"elementor-element elementor-element-4935bdfc elementor-widget__width-inherit elementor-widget elementor-widget-text-editor\" data-id=\"4935bdfc\" data-element_type=\"widget\" data-e-type=\"widget\" data-widget_type=\"text-editor.default\">\n\t\t\t\t\t\t\t\t\t<p>In de retail telt elke seconde. Klanten verwachten snelheid, gemak en een persoonlijke benadering. Count-IT biedt een intu\u00eftief kassasysteem dat razendsnel werkt en naadloos koppelt met je webshop. Je beheert je producten en voorraad real-time, hebt altijd inzicht in je cijfers en bouwt klantrelaties op via het ge\u00efntegreerde CRM. Of je nu \u00e9\u00e9n winkel hebt of meerdere vestigingen: met Count-IT werk je effici\u00ebnt binnen een\u00a0omnichannel strategie.<\/p>\t\t\t\t\t\t\t\t<\/div>\n\t\t\t\t<\/div>\n\t\t\t\t\t<\/div>\n\t\t\t\t<\/div>\n\t\t<div class=\"elementor-element elementor-element-4cbd1c42 cit-container e-con-full e-flex e-con e-parent\" data-id=\"4cbd1c42\" data-element_type=\"container\" data-e-type=\"container\">\n\t\t<div class=\"elementor-element elementor-element-266b61e5 e-con-full e-flex e-con e-child\" data-id=\"266b61e5\" data-element_type=\"container\" data-e-type=\"container\">\n\t\t<div class=\"elementor-element elementor-element-5fd6a78f e-con-full e-flex e-con e-child\" data-id=\"5fd6a78f\" data-element_type=\"container\" data-e-type=\"container\" data-settings=\"{&quot;background_background&quot;:&quot;classic&quot;}\">\n\t\t\t\t<div class=\"elementor-element elementor-element-193815e5 elementor-widget elementor-widget-heading\" data-id=\"193815e5\" data-element_type=\"widget\" data-e-type=\"widget\" data-widget_type=\"heading.default\">\n\t\t\t\t\t<h2 class=\"elementor-heading-title elementor-size-default\">Cadeaubonnen<\/h2>\t\t\t\t<\/div>\n\t\t\t\t<div class=\"elementor-element elementor-element-58f36d80 elementor-widget elementor-widget-text-editor\" data-id=\"58f36d80\" data-element_type=\"widget\" data-e-type=\"widget\" data-widget_type=\"text-editor.default\">\n\t\t\t\t\t\t\t\t\t<p>Boost je omzet en maak gebruik van cadeaubonnen. Je verkoopt, scant en verwerkt ze eenvoudig via de kassa.<\/p>\t\t\t\t\t\t\t\t<\/div>\n\t\t\t\t<\/div>\n\t\t\t\t<\/div>\n\t\t<div class=\"elementor-element elementor-element-53a97a24 e-con-full e-flex e-con e-child\" data-id=\"53a97a24\" data-element_type=\"container\" data-e-type=\"container\">\n\t\t<div class=\"elementor-element elementor-element-51c91c26 e-con-full e-flex e-con e-child\" data-id=\"51c91c26\" data-element_type=\"container\" data-e-type=\"container\" data-settings=\"{&quot;background_background&quot;:&quot;classic&quot;}\">\n\t\t\t\t<div class=\"elementor-element elementor-element-72160100 elementor-widget elementor-widget-heading\" data-id=\"72160100\" data-element_type=\"widget\" data-e-type=\"widget\" data-widget_type=\"heading.default\">\n\t\t\t\t\t<h2 class=\"elementor-heading-title elementor-size-default\">Gebruiksvriendelijk voor iedereen<\/h2>\t\t\t\t<\/div>\n\t\t\t\t<div class=\"elementor-element elementor-element-689c34c1 elementor-widget elementor-widget-text-editor\" data-id=\"689c34c1\" data-element_type=\"widget\" data-e-type=\"widget\" data-widget_type=\"text-editor.default\">\n\t\t\t\t\t\t\t\t\t<p>Geen ingewikkelde menu\u2019s of lange trainingen. Count-IT is intu\u00eftief en direct inzetbaar \u2013 je hebt geen technische kennis nodig.<\/p>\t\t\t\t\t\t\t\t<\/div>\n\t\t\t\t<\/div>\n\t\t\t\t<\/div>\n\t\t<div class=\"elementor-element elementor-element-3a283d54 e-con-full e-flex e-con e-child\" data-id=\"3a283d54\" data-element_type=\"container\" data-e-type=\"container\">\n\t\t<div class=\"elementor-element elementor-element-1e9e06d9 e-con-full e-flex e-con e-child\" data-id=\"1e9e06d9\" data-element_type=\"container\" data-e-type=\"container\" data-settings=\"{&quot;background_background&quot;:&quot;classic&quot;}\">\n\t\t\t\t<div class=\"elementor-element elementor-element-2f2a3d52 elementor-widget elementor-widget-heading\" data-id=\"2f2a3d52\" data-element_type=\"widget\" data-e-type=\"widget\" data-widget_type=\"heading.default\">\n\t\t\t\t\t<h2 class=\"elementor-heading-title elementor-size-default\">Real-time inzicht in prestaties<\/h2>\t\t\t\t<\/div>\n\t\t\t\t<div class=\"elementor-element elementor-element-4f0b2ea4 elementor-widget elementor-widget-text-editor\" data-id=\"4f0b2ea4\" data-element_type=\"widget\" data-e-type=\"widget\" data-widget_type=\"text-editor.default\">\n\t\t\t\t\t\t\t\t\t<p>Bekijk omzet, marges en verkoopdata per product, medewerker of tijdstip. Alles overzichtelijk in \u00e9\u00e9n dashboard.<\/p>\t\t\t\t\t\t\t\t<\/div>\n\t\t\t\t<\/div>\n\t\t\t\t<\/div>\n\t\t<div class=\"elementor-element elementor-element-3d76117e e-con-full e-flex e-con e-child\" data-id=\"3d76117e\" data-element_type=\"container\" data-e-type=\"container\">\n\t\t<div class=\"elementor-element elementor-element-143ab532 e-con-full e-flex e-con e-child\" data-id=\"143ab532\" data-element_type=\"container\" data-e-type=\"container\" data-settings=\"{&quot;background_background&quot;:&quot;classic&quot;}\">\n\t\t\t\t<div class=\"elementor-element elementor-element-663ff0d8 elementor-widget elementor-widget-heading\" data-id=\"663ff0d8\" data-element_type=\"widget\" data-e-type=\"widget\" data-widget_type=\"heading.default\">\n\t\t\t\t\t<h2 class=\"elementor-heading-title elementor-size-default\">Slimme functies voor snellere verkoop\u200b<\/h2>\t\t\t\t<\/div>\n\t\t\t\t<div class=\"elementor-element elementor-element-53596d19 elementor-widget elementor-widget-text-editor\" data-id=\"53596d19\" data-element_type=\"widget\" data-e-type=\"widget\" data-widget_type=\"text-editor.default\">\n\t\t\t\t\t\t\t\t\t<p>Zet bonnen in de wacht, print of mail facturen, verwerk retouren en kortingen met \u00e9\u00e9n druk op de knop. Meerdere betaalmethodes? Geen probleem.<\/p>\t\t\t\t\t\t\t\t<\/div>\n\t\t\t\t<\/div>\n\t\t\t\t<\/div>\n\t\t<div class=\"elementor-element elementor-element-2823319f e-con-full e-flex e-con e-child\" data-id=\"2823319f\" data-element_type=\"container\" data-e-type=\"container\">\n\t\t<div class=\"elementor-element elementor-element-4c07fc38 e-con-full e-flex e-con e-child\" data-id=\"4c07fc38\" data-element_type=\"container\" data-e-type=\"container\" data-settings=\"{&quot;background_background&quot;:&quot;classic&quot;}\">\n\t\t\t\t<div class=\"elementor-element elementor-element-7891f22b elementor-widget elementor-widget-heading\" data-id=\"7891f22b\" data-element_type=\"widget\" data-e-type=\"widget\" data-widget_type=\"heading.default\">\n\t\t\t\t\t<h2 class=\"elementor-heading-title elementor-size-default\">Slimme segmentatie<\/h2>\t\t\t\t<\/div>\n\t\t\t\t<div class=\"elementor-element elementor-element-2a6a4f2c elementor-widget elementor-widget-text-editor\" data-id=\"2a6a4f2c\" data-element_type=\"widget\" data-e-type=\"widget\" data-widget_type=\"text-editor.default\">\n\t\t\t\t\t\t\t\t\t<p>Deel klanten op in doelgroepen op basis van gedrag, locatie, omzet of andere kenmerken. Ideaal voor gerichte acties of communicatie. Ook klant-specifieke prijslijsten kunnen toegepast worden.<\/p>\t\t\t\t\t\t\t\t<\/div>\n\t\t\t\t<\/div>\n\t\t\t\t<\/div>\n\t\t<div class=\"elementor-element elementor-element-5dc8b714 e-con-full e-flex e-con e-child\" data-id=\"5dc8b714\" data-element_type=\"container\" data-e-type=\"container\">\n\t\t<div class=\"elementor-element elementor-element-65c4238d e-con-full e-flex e-con e-child\" data-id=\"65c4238d\" data-element_type=\"container\" data-e-type=\"container\" data-settings=\"{&quot;background_background&quot;:&quot;classic&quot;}\">\n\t\t\t\t<div class=\"elementor-element elementor-element-6ef27417 elementor-widget elementor-widget-heading\" data-id=\"6ef27417\" data-element_type=\"widget\" data-e-type=\"widget\" data-widget_type=\"heading.default\">\n\t\t\t\t\t<h2 class=\"elementor-heading-title elementor-size-default\">Beloon loyaliteit<\/h2>\t\t\t\t<\/div>\n\t\t\t\t<div class=\"elementor-element elementor-element-6f8308e5 elementor-widget elementor-widget-text-editor\" data-id=\"6f8308e5\" data-element_type=\"widget\" data-e-type=\"widget\" data-widget_type=\"text-editor.default\">\n\t\t\t\t\t\t\t\t\t<p>Zet moeiteloos een spaarprogramma op om je trouwe klanten te waarderen. Volledig onder jouw beheer met naadloze integratie in Count-IT.<\/p>\t\t\t\t\t\t\t\t<\/div>\n\t\t\t\t<\/div>\n\t\t\t\t<\/div>\n\t\t\t\t<\/div>\n\t\t<div class=\"elementor-element elementor-element-769052f9 e-con-full cit-container e-flex e-con e-parent\" data-id=\"769052f9\" data-element_type=\"container\" data-e-type=\"container\">\n\t\t\t\t<div class=\"elementor-element elementor-element-6f5a8869 elementor-widget elementor-widget-litho-button\" data-id=\"6f5a8869\" data-element_type=\"widget\" data-e-type=\"widget\" data-widget_type=\"litho-button.default\">\n\t\t\t\t<div class=\"elementor-widget-container\">\n\t\t\t\t\t\t\t\t\t<div class=\"elementor-button-wrapper litho-button-wrapper\">\n\t\t\t\t\t<a class=\"elementor-button-link elementor-button elementor-size-sm hvr-grow \" href=\"https:\/\/count-it.eu\/functionaliteiten-koppelingen\/\" role=\"button\">\n\t\t\t\t\t\t\t\t\t<span class=\"elementor-button-content-wrapper\">\n\t\t\t\t\t\t\t\t\t\t\t\t\t<span class=\"elementor-button-text\">Ontdek ALLE functionaliteiten<\/span>\n\t\t\t\t\t\t\t<\/span>\n\t\t\t\t\t\t\t\t\t<span class=\"screen-reader-text\">Button<\/span>\n\t\t\t\t\t<\/a>\n\t\t\t\t<\/div>\n\t\t\t\t\t\t\t<\/div>\n\t\t\t\t<\/div>\n\t\t\t\t<\/div>\n\t\t<div class=\"elementor-element elementor-element-17a2ce44 cit-container e-flex e-con-boxed e-con e-parent\" data-id=\"17a2ce44\" data-element_type=\"container\" data-e-type=\"container\">\n\t\t\t\t\t<div class=\"e-con-inner\">\n\t\t<div class=\"elementor-element elementor-element-68db3a35 e-con-full e-flex e-con e-child\" data-id=\"68db3a35\" data-element_type=\"container\" data-e-type=\"container\">\n\t\t\t\t<div class=\"elementor-element elementor-element-f81a0d7 elementor-widget__width-initial elementor-widget elementor-widget-heading\" data-id=\"f81a0d7\" data-element_type=\"widget\" data-e-type=\"widget\" data-widget_type=\"heading.default\">\n\t\t\t\t\t<h1 class=\"elementor-heading-title elementor-size-default\">Klaar om slimmer te gaan werken?<\/h1>\t\t\t\t<\/div>\n\t\t\t\t<\/div>\n\t\t<div class=\"elementor-element elementor-element-39aa5933 e-flex e-con-boxed e-con e-child\" data-id=\"39aa5933\" data-element_type=\"container\" data-e-type=\"container\">\n\t\t\t\t\t<div class=\"e-con-inner\">\n\t\t\t\t<div class=\"elementor-element elementor-element-458a9494 elementor-widget elementor-widget-litho-heading\" data-id=\"458a9494\" data-element_type=\"widget\" data-e-type=\"widget\" data-widget_type=\"litho-heading.default\">\n\t\t\t\t<div class=\"elementor-widget-container\">\n\t\t\t\t\t<h2 class=\"litho-heading elementor-size-default\"><span class=\"litho-primary-title\">Ontdek vandaag nog hoe Count-IT jouw winkelconcept ondersteunt!<\/span><\/h2>\t\t\t\t<\/div>\n\t\t\t\t<\/div>\n\t\t\t\t<div class=\"elementor-element elementor-element-143241eb elementor-widget elementor-widget-litho-button\" data-id=\"143241eb\" data-element_type=\"widget\" data-e-type=\"widget\" data-widget_type=\"litho-button.default\">\n\t\t\t\t<div class=\"elementor-widget-container\">\n\t\t\t\t\t\t\t\t\t<div class=\"elementor-button-wrapper litho-button-wrapper\">\n\t\t\t\t\t<a class=\"elementor-button-link elementor-button elementor-size-sm hvr-grow \" href=\"#elementor-action%3Aaction%3Dpopup%3Aopen%26settings%3DeyJpZCI6Ijc4NjQyIiwidG9nZ2xlIjpmYWxzZX0%3D\" role=\"button\">\n\t\t\t\t\t\t\t\t\t<span class=\"elementor-button-content-wrapper\">\n\t\t\t\t\t\t\t\t\t\t\t\t\t<span class=\"elementor-button-text\">PROBEER GRATIS<\/span>\n\t\t\t\t\t\t\t<\/span>\n\t\t\t\t\t\t\t\t\t<span class=\"screen-reader-text\">Button<\/span>\n\t\t\t\t\t<\/a>\n\t\t\t\t<\/div>\n\t\t\t\t\t\t\t<\/div>\n\t\t\t\t<\/div>\n\t\t\t\t\t<\/div>\n\t\t\t\t<\/div>\n\t\t\t\t\t<\/div>\n\t\t\t\t<\/div>\n\t\t\t\t<\/div>\n\t\t","protected":false},"excerpt":{"rendered":"<p>Retail &#8211; alles voor een soepele winkelervaring Effici\u00ebntie op de winkelvloer, inzicht achter de schermen Technologie die jouw winkel vooruithelpt In de retail telt elke seconde. Klanten verwachten snelheid, gemak en een persoonlijke benadering. Count-IT biedt een intu\u00eftief kassasysteem dat razendsnel werkt en naadloos koppelt met je webshop. Je beheert je producten en voorraad real-time, [&hellip;]<\/p>\n","protected":false},"author":2,"featured_media":0,"parent":0,"menu_order":3,"comment_status":"closed","ping_status":"closed","template":"elementor_theme","meta":{"footnotes":""},"class_list":["post-77512","page","type-page","status-publish","hentry"],"yoast_head":"<!-- This site is optimized with the Yoast SEO plugin v27.3 - https:\/\/yoast.com\/product\/yoast-seo-wordpress\/ -->\n<title>Expertise Retail - Count-IT<\/title>\n<meta name=\"robots\" content=\"index, follow, max-snippet:-1, max-image-preview:large, max-video-preview:-1\" \/>\n<link rel=\"canonical\" href=\"https:\/\/count-it.eu\/en\/retail\/\" \/>\n<meta property=\"og:locale\" content=\"en_US\" \/>\n<meta property=\"og:type\" content=\"article\" \/>\n<meta property=\"og:title\" content=\"Expertise Retail - Count-IT\" \/>\n<meta property=\"og:description\" content=\"Retail &#8211; alles voor een soepele winkelervaring Effici\u00ebntie op de winkelvloer, inzicht achter de schermen Technologie die jouw winkel vooruithelpt In de retail telt elke seconde. Klanten verwachten snelheid, gemak en een persoonlijke benadering. Count-IT biedt een intu\u00eftief kassasysteem dat razendsnel werkt en naadloos koppelt met je webshop. Je beheert je producten en voorraad real-time, [&hellip;]\" \/>\n<meta property=\"og:url\" content=\"https:\/\/count-it.eu\/en\/retail\/\" \/>\n<meta property=\"og:site_name\" content=\"Count-IT\" \/>\n<meta property=\"article:publisher\" content=\"https:\/\/www.facebook.com\/countit.eu\" \/>\n<meta property=\"article:modified_time\" content=\"2026-03-23T11:15:47+00:00\" \/>\n<meta property=\"og:image\" content=\"https:\/\/count-it.eu\/wp-content\/uploads\/2025\/09\/Rectangle-Retail-e1758803487391.png\" \/>\n<meta name=\"twitter:card\" content=\"summary_large_image\" \/>\n<meta name=\"twitter:label1\" content=\"Est. reading time\" \/>\n\t<meta name=\"twitter:data1\" content=\"2 minutes\" \/>\n<script type=\"application\/ld+json\" class=\"yoast-schema-graph\">{\"@context\":\"https:\\\/\\\/schema.org\",\"@graph\":[{\"@type\":\"WebPage\",\"@id\":\"https:\\\/\\\/count-it.eu\\\/retail\\\/\",\"url\":\"https:\\\/\\\/count-it.eu\\\/retail\\\/\",\"name\":\"Expertise Retail - Count-IT\",\"isPartOf\":{\"@id\":\"https:\\\/\\\/count-it.eu\\\/#website\"},\"primaryImageOfPage\":{\"@id\":\"https:\\\/\\\/count-it.eu\\\/retail\\\/#primaryimage\"},\"image\":{\"@id\":\"https:\\\/\\\/count-it.eu\\\/retail\\\/#primaryimage\"},\"thumbnailUrl\":\"https:\\\/\\\/count-it.eu\\\/wp-content\\\/uploads\\\/2025\\\/09\\\/Rectangle-Retail-e1758803487391.png\",\"datePublished\":\"2025-10-08T14:01:15+00:00\",\"dateModified\":\"2026-03-23T11:15:47+00:00\",\"breadcrumb\":{\"@id\":\"https:\\\/\\\/count-it.eu\\\/retail\\\/#breadcrumb\"},\"inLanguage\":\"en-US\",\"potentialAction\":[{\"@type\":\"ReadAction\",\"target\":[\"https:\\\/\\\/count-it.eu\\\/retail\\\/\"]}]},{\"@type\":\"ImageObject\",\"inLanguage\":\"en-US\",\"@id\":\"https:\\\/\\\/count-it.eu\\\/retail\\\/#primaryimage\",\"url\":\"https:\\\/\\\/count-it.eu\\\/wp-content\\\/uploads\\\/2025\\\/09\\\/Rectangle-Retail-e1758803487391.png\",\"contentUrl\":\"https:\\\/\\\/count-it.eu\\\/wp-content\\\/uploads\\\/2025\\\/09\\\/Rectangle-Retail-e1758803487391.png\"},{\"@type\":\"BreadcrumbList\",\"@id\":\"https:\\\/\\\/count-it.eu\\\/retail\\\/#breadcrumb\",\"itemListElement\":[{\"@type\":\"ListItem\",\"position\":1,\"name\":\"Home\",\"item\":\"https:\\\/\\\/count-it.eu\\\/\"},{\"@type\":\"ListItem\",\"position\":2,\"name\":\"Expertise Retail\"}]},{\"@type\":\"WebSite\",\"@id\":\"https:\\\/\\\/count-it.eu\\\/#website\",\"url\":\"https:\\\/\\\/count-it.eu\\\/\",\"name\":\"Count-IT\",\"description\":\"Simple. Comprehensive. Excellent.\",\"publisher\":{\"@id\":\"https:\\\/\\\/count-it.eu\\\/#organization\"},\"potentialAction\":[{\"@type\":\"SearchAction\",\"target\":{\"@type\":\"EntryPoint\",\"urlTemplate\":\"https:\\\/\\\/count-it.eu\\\/?s={search_term_string}\"},\"query-input\":{\"@type\":\"PropertyValueSpecification\",\"valueRequired\":true,\"valueName\":\"search_term_string\"}}],\"inLanguage\":\"en-US\"},{\"@type\":\"Organization\",\"@id\":\"https:\\\/\\\/count-it.eu\\\/#organization\",\"name\":\"Count-IT\",\"url\":\"https:\\\/\\\/count-it.eu\\\/\",\"logo\":{\"@type\":\"ImageObject\",\"inLanguage\":\"en-US\",\"@id\":\"https:\\\/\\\/count-it.eu\\\/#\\\/schema\\\/logo\\\/image\\\/\",\"url\":\"https:\\\/\\\/count-it.eu\\\/wp-content\\\/uploads\\\/2020\\\/02\\\/Logo_Count_IT_RGB.png\",\"contentUrl\":\"https:\\\/\\\/count-it.eu\\\/wp-content\\\/uploads\\\/2020\\\/02\\\/Logo_Count_IT_RGB.png\",\"width\":1812,\"height\":638,\"caption\":\"Count-IT\"},\"image\":{\"@id\":\"https:\\\/\\\/count-it.eu\\\/#\\\/schema\\\/logo\\\/image\\\/\"},\"sameAs\":[\"https:\\\/\\\/www.facebook.com\\\/countit.eu\",\"https:\\\/\\\/www.instagram.com\\\/countit.eu\\\/\",\"https:\\\/\\\/www.youtube.com\\\/@count-it2374\",\"https:\\\/\\\/www.linkedin.com\\\/company\\\/count-it-eu\\\/\"]}]}<\/script>\n<!-- \/ Yoast SEO plugin. -->","yoast_head_json":{"title":"Retail expertise - Count-IT","robots":{"index":"index","follow":"follow","max-snippet":"max-snippet:-1","max-image-preview":"max-image-preview:large","max-video-preview":"max-video-preview:-1"},"canonical":"https:\/\/count-it.eu\/en\/retail\/","og_locale":"en_US","og_type":"article","og_title":"Expertise Retail - Count-IT","og_description":"Retail &#8211; alles voor een soepele winkelervaring Effici\u00ebntie op de winkelvloer, inzicht achter de schermen Technologie die jouw winkel vooruithelpt In de retail telt elke seconde. Klanten verwachten snelheid, gemak en een persoonlijke benadering. Count-IT biedt een intu\u00eftief kassasysteem dat razendsnel werkt en naadloos koppelt met je webshop. Je beheert je producten en voorraad real-time, [&hellip;]","og_url":"https:\/\/count-it.eu\/en\/retail\/","og_site_name":"Count-IT","article_publisher":"https:\/\/www.facebook.com\/countit.eu","article_modified_time":"2026-03-23T11:15:47+00:00","og_image":[{"url":"https:\/\/count-it.eu\/wp-content\/uploads\/2025\/09\/Rectangle-Retail-e1758803487391.png","type":"","width":"","height":""}],"twitter_card":"summary_large_image","twitter_misc":{"Est. reading time":"2 minutes"},"schema":{"@context":"https:\/\/schema.org","@graph":[{"@type":"WebPage","@id":"https:\/\/count-it.eu\/retail\/","url":"https:\/\/count-it.eu\/retail\/","name":"Retail expertise - Count-IT","isPartOf":{"@id":"https:\/\/count-it.eu\/#website"},"primaryImageOfPage":{"@id":"https:\/\/count-it.eu\/retail\/#primaryimage"},"image":{"@id":"https:\/\/count-it.eu\/retail\/#primaryimage"},"thumbnailUrl":"https:\/\/count-it.eu\/wp-content\/uploads\/2025\/09\/Rectangle-Retail-e1758803487391.png","datePublished":"2025-10-08T14:01:15+00:00","dateModified":"2026-03-23T11:15:47+00:00","breadcrumb":{"@id":"https:\/\/count-it.eu\/retail\/#breadcrumb"},"inLanguage":"en-US","potentialAction":[{"@type":"ReadAction","target":["https:\/\/count-it.eu\/retail\/"]}]},{"@type":"ImageObject","inLanguage":"en-US","@id":"https:\/\/count-it.eu\/retail\/#primaryimage","url":"https:\/\/count-it.eu\/wp-content\/uploads\/2025\/09\/Rectangle-Retail-e1758803487391.png","contentUrl":"https:\/\/count-it.eu\/wp-content\/uploads\/2025\/09\/Rectangle-Retail-e1758803487391.png"},{"@type":"BreadcrumbList","@id":"https:\/\/count-it.eu\/retail\/#breadcrumb","itemListElement":[{"@type":"ListItem","position":1,"name":"Home","item":"https:\/\/count-it.eu\/"},{"@type":"ListItem","position":2,"name":"Expertise Retail"}]},{"@type":"WebSite","@id":"https:\/\/count-it.eu\/#website","url":"https:\/\/count-it.eu\/","name":"Count-IT","description":"Simple. Comprehensive. Excellent.","publisher":{"@id":"https:\/\/count-it.eu\/#organization"},"potentialAction":[{"@type":"SearchAction","target":{"@type":"EntryPoint","urlTemplate":"https:\/\/count-it.eu\/?s={search_term_string}"},"query-input":{"@type":"PropertyValueSpecification","valueRequired":true,"valueName":"search_term_string"}}],"inLanguage":"en-US"},{"@type":"Organization","@id":"https:\/\/count-it.eu\/#organization","name":"Count-IT","url":"https:\/\/count-it.eu\/","logo":{"@type":"ImageObject","inLanguage":"en-US","@id":"https:\/\/count-it.eu\/#\/schema\/logo\/image\/","url":"https:\/\/count-it.eu\/wp-content\/uploads\/2020\/02\/Logo_Count_IT_RGB.png","contentUrl":"https:\/\/count-it.eu\/wp-content\/uploads\/2020\/02\/Logo_Count_IT_RGB.png","width":1812,"height":638,"caption":"Count-IT"},"image":{"@id":"https:\/\/count-it.eu\/#\/schema\/logo\/image\/"},"sameAs":["https:\/\/www.facebook.com\/countit.eu","https:\/\/www.instagram.com\/countit.eu\/","https:\/\/www.youtube.com\/@count-it2374","https:\/\/www.linkedin.com\/company\/count-it-eu\/"]}]}},"_links":{"self":[{"href":"https:\/\/count-it.eu\/en\/wp-json\/wp\/v2\/pages\/77512","targetHints":{"allow":["GET"]}}],"collection":[{"href":"https:\/\/count-it.eu\/en\/wp-json\/wp\/v2\/pages"}],"about":[{"href":"https:\/\/count-it.eu\/en\/wp-json\/wp\/v2\/types\/page"}],"author":[{"embeddable":true,"href":"https:\/\/count-it.eu\/en\/wp-json\/wp\/v2\/users\/2"}],"replies":[{"embeddable":true,"href":"https:\/\/count-it.eu\/en\/wp-json\/wp\/v2\/comments?post=77512"}],"version-history":[{"count":35,"href":"https:\/\/count-it.eu\/en\/wp-json\/wp\/v2\/pages\/77512\/revisions"}],"predecessor-version":[{"id":79918,"href":"https:\/\/count-it.eu\/en\/wp-json\/wp\/v2\/pages\/77512\/revisions\/79918"}],"wp:attachment":[{"href":"https:\/\/count-it.eu\/en\/wp-json\/wp\/v2\/media?parent=77512"}],"curies":[{"name":"wp","href":"https:\/\/api.w.org\/{rel}","templated":true}]}}