{"id":77468,"date":"2025-10-08T13:21:10","date_gmt":"2025-10-08T13:21:10","guid":{"rendered":"https:\/\/webdev.count-it.eu\/count-it-site\/?page_id=77468"},"modified":"2026-03-31T12:55:32","modified_gmt":"2026-03-31T12:55:32","slug":"concept-store","status":"publish","type":"page","link":"https:\/\/count-it.eu\/en\/concept-store\/","title":{"rendered":"Expertise Concept Store"},"content":{"rendered":"\t\t<div data-elementor-type=\"wp-page\" data-elementor-id=\"77468\" class=\"elementor elementor-77468\" data-elementor-post-type=\"page\">\n\t\t\t\t<div class=\"elementor-element elementor-element-1f6d47e8 e-con-full e-flex e-con e-parent\" data-id=\"1f6d47e8\" data-element_type=\"container\" data-e-type=\"container\" data-settings=\"{&quot;background_background&quot;:&quot;classic&quot;,&quot;background_motion_fx_motion_fx_scrolling&quot;:&quot;yes&quot;,&quot;background_motion_fx_range&quot;:&quot;page&quot;,&quot;background_motion_fx_devices&quot;:[&quot;desktop&quot;,&quot;tablet&quot;,&quot;mobile&quot;]}\">\n\t\t<div class=\"elementor-element elementor-element-27811b8f e-con-full cit-container e-flex e-con e-child\" data-id=\"27811b8f\" data-element_type=\"container\" data-e-type=\"container\">\n\t\t\t\t<div class=\"elementor-element elementor-element-711d49be elementor-widget elementor-widget-heading\" data-id=\"711d49be\" data-element_type=\"widget\" data-e-type=\"widget\" data-widget_type=\"heading.default\">\n\t\t\t\t\t<h1 class=\"elementor-heading-title elementor-size-default\">Concept Store - \u00e9\u00e9n compleet brand platform<\/h1>\t\t\t\t<\/div>\n\t\t\t\t<div class=\"elementor-element elementor-element-2bcb92bf elementor-widget elementor-widget-litho-heading\" data-id=\"2bcb92bf\" data-element_type=\"widget\" data-e-type=\"widget\" data-widget_type=\"litho-heading.default\">\n\t\t\t\t<div class=\"elementor-widget-container\">\n\t\t\t\t\t<h2 class=\"litho-heading elementor-size-default\"><span class=\"litho-primary-title\">Cre\u00eber beleving en automatiseer de rest<\/span><\/h2>\t\t\t\t<\/div>\n\t\t\t\t<\/div>\n\t\t\t\t<\/div>\n\t\t\t\t<\/div>\n\t\t<div class=\"elementor-element elementor-element-2c3e3af6 cit-container e-flex e-con-boxed e-con e-parent\" data-id=\"2c3e3af6\" data-element_type=\"container\" data-e-type=\"container\">\n\t\t\t\t\t<div class=\"e-con-inner\">\n\t\t<div class=\"elementor-element elementor-element-25dc7294 e-con-full e-flex e-con e-child\" data-id=\"25dc7294\" data-element_type=\"container\" data-e-type=\"container\">\n\t\t\t\t<div class=\"elementor-element elementor-element-58e87e16 elementor-widget__width-initial elementor-widget elementor-widget-heading\" data-id=\"58e87e16\" data-element_type=\"widget\" data-e-type=\"widget\" data-widget_type=\"heading.default\">\n\t\t\t\t\t<h2 class=\"elementor-heading-title elementor-size-default\">E\u00e9n systeem voor al je merken - speciaal voor concept stores<\/h2>\t\t\t\t<\/div>\n\t\t\t\t<div class=\"elementor-element elementor-element-272ad110 elementor-widget__width-initial elementor-widget elementor-widget-image\" data-id=\"272ad110\" data-element_type=\"widget\" data-e-type=\"widget\" data-widget_type=\"image.default\">\n\t\t\t\t\t\t\t\t\t\t\t\t\t\t\t<img decoding=\"async\" width=\"64\" height=\"6\" src=\"https:\/\/count-it.eu\/wp-content\/uploads\/2025\/09\/Rectangle-Concept-Store-e1758803581673.png\" class=\"attachment-full size-full wp-image-76236\" alt=\"Rectangle Concept Store\" \/>\t\t\t\t\t\t\t\t\t\t\t\t\t\t\t<\/div>\n\t\t\t\t<\/div>\n\t\t<div class=\"elementor-element elementor-element-20eda5f4 e-con-full e-flex e-con e-child\" data-id=\"20eda5f4\" data-element_type=\"container\" data-e-type=\"container\">\n\t\t\t\t<div class=\"elementor-element elementor-element-5093ff04 elementor-widget__width-inherit elementor-widget elementor-widget-text-editor\" data-id=\"5093ff04\" data-element_type=\"widget\" data-e-type=\"widget\" data-widget_type=\"text-editor.default\">\n\t\t\t\t\t\t\t\t\t<p>In een concept store draait alles om beleving, diversiteit en flexibiliteit. Of je nu een zorgvuldig samengestelde selectie van merken en designers presenteert of werkt met shop-in-shop formules: overzicht en grip zijn essentieel. Met Count-IT beheer je eenvoudig verschillende concepten vanuit \u00e9\u00e9n centrale omgeving. Ieder concept met een eigen productgroep en prijsstructuur, terwijl jij het totaaloverzicht behoudt. Dankzij slimme rapportages zie je in \u00e9\u00e9n oogopslag welke formules het beste presteren. Zo houd je grip op je concepten \u00e9n je klantbeleving en dat alles binnen een krachtig omnichannel brand platform.<\/p>\t\t\t\t\t\t\t\t<\/div>\n\t\t\t\t<\/div>\n\t\t\t\t\t<\/div>\n\t\t\t\t<\/div>\n\t\t<div class=\"elementor-element elementor-element-34a71c04 cit-container e-con-full e-flex e-con e-parent\" data-id=\"34a71c04\" data-element_type=\"container\" data-e-type=\"container\">\n\t\t<div class=\"elementor-element elementor-element-2cd7fa03 e-con-full e-flex e-con e-child\" data-id=\"2cd7fa03\" data-element_type=\"container\" data-e-type=\"container\">\n\t\t<div class=\"elementor-element elementor-element-77d92a9a e-con-full e-flex e-con e-child\" data-id=\"77d92a9a\" data-element_type=\"container\" data-e-type=\"container\" data-settings=\"{&quot;background_background&quot;:&quot;classic&quot;}\">\n\t\t\t\t<div class=\"elementor-element elementor-element-707d62eb elementor-widget elementor-widget-heading\" data-id=\"707d62eb\" data-element_type=\"widget\" data-e-type=\"widget\" data-widget_type=\"heading.default\">\n\t\t\t\t\t<h2 class=\"elementor-heading-title elementor-size-default\">Beheer moeiteloos meerdere merken en partners<\/h2>\t\t\t\t<\/div>\n\t\t\t\t<div class=\"elementor-element elementor-element-64c00ae6 elementor-widget elementor-widget-text-editor\" data-id=\"64c00ae6\" data-element_type=\"widget\" data-e-type=\"widget\" data-widget_type=\"text-editor.default\">\n\t\t\t\t\t\t\t\t\t<p>Koppel producten aan merken en shop-in-shop partners en houd marges, verkopen en voorraad bij.<\/p>\t\t\t\t\t\t\t\t<\/div>\n\t\t\t\t<\/div>\n\t\t\t\t<\/div>\n\t\t<div class=\"elementor-element elementor-element-5bd67c92 e-con-full e-flex e-con e-child\" data-id=\"5bd67c92\" data-element_type=\"container\" data-e-type=\"container\">\n\t\t<div class=\"elementor-element elementor-element-146c1953 e-con-full e-flex e-con e-child\" data-id=\"146c1953\" data-element_type=\"container\" data-e-type=\"container\" data-settings=\"{&quot;background_background&quot;:&quot;classic&quot;}\">\n\t\t\t\t<div class=\"elementor-element elementor-element-3a63e10 elementor-widget elementor-widget-heading\" data-id=\"3a63e10\" data-element_type=\"widget\" data-e-type=\"widget\" data-widget_type=\"heading.default\">\n\t\t\t\t\t<h2 class=\"elementor-heading-title elementor-size-default\">Individuele commissie en automatische facturen<\/h2>\t\t\t\t<\/div>\n\t\t\t\t<div class=\"elementor-element elementor-element-76f0df3d elementor-widget elementor-widget-text-editor\" data-id=\"76f0df3d\" data-element_type=\"widget\" data-e-type=\"widget\" data-widget_type=\"text-editor.default\">\n\t\t\t\t\t\t\t\t\t<p>Stel eenvoudig commissies in per shop-in-shop partner en laat Count-IT automatisch de bijbehorende facturen genereren.\u00a0<br \/>Iedere partner heeft toegang tot een eigen persoonlijke omgeving voor inzicht in omzet en beheer van het assortiment en voorraad.<\/p>\t\t\t\t\t\t\t\t<\/div>\n\t\t\t\t<\/div>\n\t\t\t\t<\/div>\n\t\t<div class=\"elementor-element elementor-element-440b46c9 e-con-full e-flex e-con e-child\" data-id=\"440b46c9\" data-element_type=\"container\" data-e-type=\"container\">\n\t\t<div class=\"elementor-element elementor-element-10aafc36 e-con-full e-flex e-con e-child\" data-id=\"10aafc36\" data-element_type=\"container\" data-e-type=\"container\" data-settings=\"{&quot;background_background&quot;:&quot;classic&quot;}\">\n\t\t\t\t<div class=\"elementor-element elementor-element-d477887 elementor-widget elementor-widget-heading\" data-id=\"d477887\" data-element_type=\"widget\" data-e-type=\"widget\" data-widget_type=\"heading.default\">\n\t\t\t\t\t<h2 class=\"elementor-heading-title elementor-size-default\">Flexibel kassabeheer<\/h2>\t\t\t\t<\/div>\n\t\t\t\t<div class=\"elementor-element elementor-element-94d1d8c elementor-widget elementor-widget-text-editor\" data-id=\"94d1d8c\" data-element_type=\"widget\" data-e-type=\"widget\" data-widget_type=\"text-editor.default\">\n\t\t\t\t\t\t\t\t\t<p>Verkoop producten van verschillende merken via \u00e9\u00e9n kassa, met automatische toewijzing aan de juiste partij.<\/p>\t\t\t\t\t\t\t\t<\/div>\n\t\t\t\t<\/div>\n\t\t\t\t<\/div>\n\t\t<div class=\"elementor-element elementor-element-328808f8 e-con-full e-flex e-con e-child\" data-id=\"328808f8\" data-element_type=\"container\" data-e-type=\"container\">\n\t\t<div class=\"elementor-element elementor-element-32ca8899 e-con-full e-flex e-con e-child\" data-id=\"32ca8899\" data-element_type=\"container\" data-e-type=\"container\" data-settings=\"{&quot;background_background&quot;:&quot;classic&quot;}\">\n\t\t\t\t<div class=\"elementor-element elementor-element-94b7a71 elementor-widget elementor-widget-heading\" data-id=\"94b7a71\" data-element_type=\"widget\" data-e-type=\"widget\" data-widget_type=\"heading.default\">\n\t\t\t\t\t<h2 class=\"elementor-heading-title elementor-size-default\">Professionele uitstraling<\/h2>\t\t\t\t<\/div>\n\t\t\t\t<div class=\"elementor-element elementor-element-147c9d17 elementor-widget elementor-widget-text-editor\" data-id=\"147c9d17\" data-element_type=\"widget\" data-e-type=\"widget\" data-widget_type=\"text-editor.default\">\n\t\t\t\t\t\t\t\t\t<p>Pas het thema van het systeem aan naar de eigen huisstijl zodat alles perfect aansluit bij jouw merkidentiteit.<\/p>\t\t\t\t\t\t\t\t<\/div>\n\t\t\t\t<\/div>\n\t\t\t\t<\/div>\n\t\t<div class=\"elementor-element elementor-element-2cd8143b e-con-full e-flex e-con e-child\" data-id=\"2cd8143b\" data-element_type=\"container\" data-e-type=\"container\">\n\t\t<div class=\"elementor-element elementor-element-1f1c28fd e-con-full e-flex e-con e-child\" data-id=\"1f1c28fd\" data-element_type=\"container\" data-e-type=\"container\" data-settings=\"{&quot;background_background&quot;:&quot;classic&quot;}\">\n\t\t\t\t<div class=\"elementor-element elementor-element-45e59d5e elementor-widget elementor-widget-heading\" data-id=\"45e59d5e\" data-element_type=\"widget\" data-e-type=\"widget\" data-widget_type=\"heading.default\">\n\t\t\t\t\t<h2 class=\"elementor-heading-title elementor-size-default\">Inzicht per merk of partner<\/h2>\t\t\t\t<\/div>\n\t\t\t\t<div class=\"elementor-element elementor-element-64fc601a elementor-widget elementor-widget-text-editor\" data-id=\"64fc601a\" data-element_type=\"widget\" data-e-type=\"widget\" data-widget_type=\"text-editor.default\">\n\t\t\t\t\t\t\t\t\t<p>Bekijk verkoopcijfers, voorraadstanden en opbrengsten per merk of shop-in-shop partner. Ideaal voor transparante afrekeningen.<\/p>\t\t\t\t\t\t\t\t<\/div>\n\t\t\t\t<\/div>\n\t\t\t\t<\/div>\n\t\t<div class=\"elementor-element elementor-element-23e89706 e-con-full e-flex e-con e-child\" data-id=\"23e89706\" data-element_type=\"container\" data-e-type=\"container\">\n\t\t<div class=\"elementor-element elementor-element-62524008 e-con-full e-flex e-con e-child\" data-id=\"62524008\" data-element_type=\"container\" data-e-type=\"container\" data-settings=\"{&quot;background_background&quot;:&quot;classic&quot;}\">\n\t\t\t\t<div class=\"elementor-element elementor-element-23ef8a69 elementor-widget elementor-widget-heading\" data-id=\"23ef8a69\" data-element_type=\"widget\" data-e-type=\"widget\" data-widget_type=\"heading.default\">\n\t\t\t\t\t<h2 class=\"elementor-heading-title elementor-size-default\">Importeer en exporteer eenvoudig<\/h2>\t\t\t\t<\/div>\n\t\t\t\t<div class=\"elementor-element elementor-element-4baf8c9c elementor-widget elementor-widget-text-editor\" data-id=\"4baf8c9c\" data-element_type=\"widget\" data-e-type=\"widget\" data-widget_type=\"text-editor.default\">\n\t\t\t\t\t\t\t\t\t<p>Voeg snel nieuwe producten toe via Excel of CSV, of exporteer je assortiment voor analyse of communicatie. Ook je bestaande productdatabase kan eenvoudig worden ge\u00efmporteerd.<\/p>\t\t\t\t\t\t\t\t<\/div>\n\t\t\t\t<\/div>\n\t\t\t\t<\/div>\n\t\t\t\t<\/div>\n\t\t<div class=\"elementor-element elementor-element-77fec4d3 e-con-full cit-container e-flex e-con e-parent\" data-id=\"77fec4d3\" data-element_type=\"container\" data-e-type=\"container\">\n\t\t\t\t<div class=\"elementor-element elementor-element-a61351d elementor-widget elementor-widget-litho-button\" data-id=\"a61351d\" data-element_type=\"widget\" data-e-type=\"widget\" data-widget_type=\"litho-button.default\">\n\t\t\t\t<div class=\"elementor-widget-container\">\n\t\t\t\t\t\t\t\t\t<div class=\"elementor-button-wrapper litho-button-wrapper\">\n\t\t\t\t\t<a class=\"elementor-button-link elementor-button elementor-size-sm hvr-grow \" href=\"https:\/\/count-it.eu\/functionaliteiten-koppelingen\/\" role=\"button\">\n\t\t\t\t\t\t\t\t\t<span class=\"elementor-button-content-wrapper\">\n\t\t\t\t\t\t\t\t\t\t\t\t\t<span class=\"elementor-button-text\">Ontdek ALLE functionaliteiten<\/span>\n\t\t\t\t\t\t\t<\/span>\n\t\t\t\t\t\t\t\t\t<span class=\"screen-reader-text\">Button<\/span>\n\t\t\t\t\t<\/a>\n\t\t\t\t<\/div>\n\t\t\t\t\t\t\t<\/div>\n\t\t\t\t<\/div>\n\t\t\t\t<\/div>\n\t\t<div class=\"elementor-element elementor-element-17955f09 cit-container e-flex e-con-boxed e-con e-parent\" data-id=\"17955f09\" data-element_type=\"container\" data-e-type=\"container\">\n\t\t\t\t\t<div class=\"e-con-inner\">\n\t\t<div class=\"elementor-element elementor-element-6bc5e0ad e-con-full e-flex e-con e-child\" data-id=\"6bc5e0ad\" data-element_type=\"container\" data-e-type=\"container\">\n\t\t\t\t<div class=\"elementor-element elementor-element-5bd9c354 elementor-widget__width-initial elementor-widget elementor-widget-heading\" data-id=\"5bd9c354\" data-element_type=\"widget\" data-e-type=\"widget\" data-widget_type=\"heading.default\">\n\t\t\t\t\t<h1 class=\"elementor-heading-title elementor-size-default\">Klaar om slimmer te gaan werken?<\/h1>\t\t\t\t<\/div>\n\t\t\t\t<\/div>\n\t\t<div class=\"elementor-element elementor-element-6f3b38b9 e-flex e-con-boxed e-con e-child\" data-id=\"6f3b38b9\" data-element_type=\"container\" data-e-type=\"container\">\n\t\t\t\t\t<div class=\"e-con-inner\">\n\t\t\t\t<div class=\"elementor-element elementor-element-41bea2d9 elementor-widget elementor-widget-litho-heading\" data-id=\"41bea2d9\" data-element_type=\"widget\" data-e-type=\"widget\" data-widget_type=\"litho-heading.default\">\n\t\t\t\t<div class=\"elementor-widget-container\">\n\t\t\t\t\t<h2 class=\"litho-heading elementor-size-default\"><span class=\"litho-primary-title\">Ontdek vandaag nog hoe Count-IT jouw winkelconcept ondersteunt!<\/span><\/h2>\t\t\t\t<\/div>\n\t\t\t\t<\/div>\n\t\t\t\t<div class=\"elementor-element elementor-element-44bea1d1 elementor-widget elementor-widget-litho-button\" data-id=\"44bea1d1\" data-element_type=\"widget\" data-e-type=\"widget\" data-widget_type=\"litho-button.default\">\n\t\t\t\t<div class=\"elementor-widget-container\">\n\t\t\t\t\t\t\t\t\t<div class=\"elementor-button-wrapper litho-button-wrapper\">\n\t\t\t\t\t<a class=\"elementor-button-link elementor-button elementor-size-sm hvr-grow \" href=\"#elementor-action%3Aaction%3Dpopup%3Aopen%26settings%3DeyJpZCI6Ijc4NjQyIiwidG9nZ2xlIjpmYWxzZX0%3D\" role=\"button\">\n\t\t\t\t\t\t\t\t\t<span class=\"elementor-button-content-wrapper\">\n\t\t\t\t\t\t\t\t\t\t\t\t\t<span class=\"elementor-button-text\">PROBEER GRATIS<\/span>\n\t\t\t\t\t\t\t<\/span>\n\t\t\t\t\t\t\t\t\t<span class=\"screen-reader-text\">Button<\/span>\n\t\t\t\t\t<\/a>\n\t\t\t\t<\/div>\n\t\t\t\t\t\t\t<\/div>\n\t\t\t\t<\/div>\n\t\t\t\t\t<\/div>\n\t\t\t\t<\/div>\n\t\t\t\t\t<\/div>\n\t\t\t\t<\/div>\n\t\t\t\t<\/div>\n\t\t","protected":false},"excerpt":{"rendered":"<p>Concept Store &#8211; \u00e9\u00e9n compleet brand platform Cre\u00eber beleving en automatiseer de rest E\u00e9n systeem voor al je merken &#8211; speciaal voor concept stores In een concept store draait alles om beleving, diversiteit en flexibiliteit. Of je nu een zorgvuldig samengestelde selectie van merken en designers presenteert of werkt met shop-in-shop formules: overzicht en grip [&hellip;]<\/p>\n","protected":false},"author":2,"featured_media":0,"parent":0,"menu_order":1,"comment_status":"closed","ping_status":"closed","template":"elementor_theme","meta":{"footnotes":""},"class_list":["post-77468","page","type-page","status-publish","hentry"],"yoast_head":"<!-- This site is optimized with the Yoast SEO plugin v27.4 - https:\/\/yoast.com\/product\/yoast-seo-wordpress\/ -->\n<title>Expertise Concept Store - Count-IT<\/title>\n<meta name=\"robots\" content=\"index, follow, max-snippet:-1, max-image-preview:large, max-video-preview:-1\" \/>\n<link rel=\"canonical\" href=\"https:\/\/count-it.eu\/en\/concept-store\/\" \/>\n<meta property=\"og:locale\" content=\"en_US\" \/>\n<meta property=\"og:type\" content=\"article\" \/>\n<meta property=\"og:title\" content=\"Expertise Concept Store - Count-IT\" \/>\n<meta property=\"og:description\" content=\"Concept Store &#8211; \u00e9\u00e9n compleet brand platform Cre\u00eber beleving en automatiseer de rest E\u00e9n systeem voor al je merken &#8211; speciaal voor concept stores In een concept store draait alles om beleving, diversiteit en flexibiliteit. Of je nu een zorgvuldig samengestelde selectie van merken en designers presenteert of werkt met shop-in-shop formules: overzicht en grip [&hellip;]\" \/>\n<meta property=\"og:url\" content=\"https:\/\/count-it.eu\/en\/concept-store\/\" \/>\n<meta property=\"og:site_name\" content=\"Count-IT\" \/>\n<meta property=\"article:publisher\" content=\"https:\/\/www.facebook.com\/countit.eu\" \/>\n<meta property=\"article:modified_time\" content=\"2026-03-31T12:55:32+00:00\" \/>\n<meta property=\"og:image\" content=\"https:\/\/count-it.eu\/wp-content\/uploads\/2025\/09\/Rectangle-Concept-Store-e1758803581673.png\" \/>\n\t<meta property=\"og:image:width\" content=\"64\" \/>\n\t<meta property=\"og:image:height\" content=\"6\" \/>\n\t<meta property=\"og:image:type\" content=\"image\/png\" \/>\n<meta name=\"twitter:card\" content=\"summary_large_image\" \/>\n<meta name=\"twitter:label1\" content=\"Est. reading time\" \/>\n\t<meta name=\"twitter:data1\" content=\"1 minute\" \/>\n<script type=\"application\/ld+json\" class=\"yoast-schema-graph\">{\"@context\":\"https:\\\/\\\/schema.org\",\"@graph\":[{\"@type\":\"WebPage\",\"@id\":\"https:\\\/\\\/count-it.eu\\\/concept-store\\\/\",\"url\":\"https:\\\/\\\/count-it.eu\\\/concept-store\\\/\",\"name\":\"Expertise Concept Store - Count-IT\",\"isPartOf\":{\"@id\":\"https:\\\/\\\/count-it.eu\\\/#website\"},\"primaryImageOfPage\":{\"@id\":\"https:\\\/\\\/count-it.eu\\\/concept-store\\\/#primaryimage\"},\"image\":{\"@id\":\"https:\\\/\\\/count-it.eu\\\/concept-store\\\/#primaryimage\"},\"thumbnailUrl\":\"https:\\\/\\\/count-it.eu\\\/wp-content\\\/uploads\\\/2025\\\/09\\\/Rectangle-Concept-Store-e1758803581673.png\",\"datePublished\":\"2025-10-08T13:21:10+00:00\",\"dateModified\":\"2026-03-31T12:55:32+00:00\",\"breadcrumb\":{\"@id\":\"https:\\\/\\\/count-it.eu\\\/concept-store\\\/#breadcrumb\"},\"inLanguage\":\"en-US\",\"potentialAction\":[{\"@type\":\"ReadAction\",\"target\":[\"https:\\\/\\\/count-it.eu\\\/concept-store\\\/\"]}]},{\"@type\":\"ImageObject\",\"inLanguage\":\"en-US\",\"@id\":\"https:\\\/\\\/count-it.eu\\\/concept-store\\\/#primaryimage\",\"url\":\"https:\\\/\\\/count-it.eu\\\/wp-content\\\/uploads\\\/2025\\\/09\\\/Rectangle-Concept-Store-e1758803581673.png\",\"contentUrl\":\"https:\\\/\\\/count-it.eu\\\/wp-content\\\/uploads\\\/2025\\\/09\\\/Rectangle-Concept-Store-e1758803581673.png\"},{\"@type\":\"BreadcrumbList\",\"@id\":\"https:\\\/\\\/count-it.eu\\\/concept-store\\\/#breadcrumb\",\"itemListElement\":[{\"@type\":\"ListItem\",\"position\":1,\"name\":\"Home\",\"item\":\"https:\\\/\\\/count-it.eu\\\/\"},{\"@type\":\"ListItem\",\"position\":2,\"name\":\"Expertise Concept Store\"}]},{\"@type\":\"WebSite\",\"@id\":\"https:\\\/\\\/count-it.eu\\\/#website\",\"url\":\"https:\\\/\\\/count-it.eu\\\/\",\"name\":\"Count-IT\",\"description\":\"Simple. Comprehensive. Excellent.\",\"publisher\":{\"@id\":\"https:\\\/\\\/count-it.eu\\\/#organization\"},\"potentialAction\":[{\"@type\":\"SearchAction\",\"target\":{\"@type\":\"EntryPoint\",\"urlTemplate\":\"https:\\\/\\\/count-it.eu\\\/?s={search_term_string}\"},\"query-input\":{\"@type\":\"PropertyValueSpecification\",\"valueRequired\":true,\"valueName\":\"search_term_string\"}}],\"inLanguage\":\"en-US\"},{\"@type\":\"Organization\",\"@id\":\"https:\\\/\\\/count-it.eu\\\/#organization\",\"name\":\"Count-IT\",\"url\":\"https:\\\/\\\/count-it.eu\\\/\",\"logo\":{\"@type\":\"ImageObject\",\"inLanguage\":\"en-US\",\"@id\":\"https:\\\/\\\/count-it.eu\\\/#\\\/schema\\\/logo\\\/image\\\/\",\"url\":\"https:\\\/\\\/count-it.eu\\\/wp-content\\\/uploads\\\/2020\\\/02\\\/Logo_Count_IT_RGB.png\",\"contentUrl\":\"https:\\\/\\\/count-it.eu\\\/wp-content\\\/uploads\\\/2020\\\/02\\\/Logo_Count_IT_RGB.png\",\"width\":1812,\"height\":638,\"caption\":\"Count-IT\"},\"image\":{\"@id\":\"https:\\\/\\\/count-it.eu\\\/#\\\/schema\\\/logo\\\/image\\\/\"},\"sameAs\":[\"https:\\\/\\\/www.facebook.com\\\/countit.eu\",\"https:\\\/\\\/www.instagram.com\\\/countit.eu\\\/\",\"https:\\\/\\\/www.youtube.com\\\/@count-it2374\",\"https:\\\/\\\/www.linkedin.com\\\/company\\\/count-it-eu\\\/\"]}]}<\/script>\n<!-- \/ Yoast SEO plugin. -->","yoast_head_json":{"title":"Expertise Concept Store - Count-IT","robots":{"index":"index","follow":"follow","max-snippet":"max-snippet:-1","max-image-preview":"max-image-preview:large","max-video-preview":"max-video-preview:-1"},"canonical":"https:\/\/count-it.eu\/en\/concept-store\/","og_locale":"en_US","og_type":"article","og_title":"Expertise Concept Store - Count-IT","og_description":"Concept Store &#8211; \u00e9\u00e9n compleet brand platform Cre\u00eber beleving en automatiseer de rest E\u00e9n systeem voor al je merken &#8211; speciaal voor concept stores In een concept store draait alles om beleving, diversiteit en flexibiliteit. Of je nu een zorgvuldig samengestelde selectie van merken en designers presenteert of werkt met shop-in-shop formules: overzicht en grip [&hellip;]","og_url":"https:\/\/count-it.eu\/en\/concept-store\/","og_site_name":"Count-IT","article_publisher":"https:\/\/www.facebook.com\/countit.eu","article_modified_time":"2026-03-31T12:55:32+00:00","og_image":[{"width":64,"height":6,"url":"https:\/\/count-it.eu\/wp-content\/uploads\/2025\/09\/Rectangle-Concept-Store-e1758803581673.png","type":"image\/png"}],"twitter_card":"summary_large_image","twitter_misc":{"Est. reading time":"1 minute"},"schema":{"@context":"https:\/\/schema.org","@graph":[{"@type":"WebPage","@id":"https:\/\/count-it.eu\/concept-store\/","url":"https:\/\/count-it.eu\/concept-store\/","name":"Expertise Concept Store - Count-IT","isPartOf":{"@id":"https:\/\/count-it.eu\/#website"},"primaryImageOfPage":{"@id":"https:\/\/count-it.eu\/concept-store\/#primaryimage"},"image":{"@id":"https:\/\/count-it.eu\/concept-store\/#primaryimage"},"thumbnailUrl":"https:\/\/count-it.eu\/wp-content\/uploads\/2025\/09\/Rectangle-Concept-Store-e1758803581673.png","datePublished":"2025-10-08T13:21:10+00:00","dateModified":"2026-03-31T12:55:32+00:00","breadcrumb":{"@id":"https:\/\/count-it.eu\/concept-store\/#breadcrumb"},"inLanguage":"en-US","potentialAction":[{"@type":"ReadAction","target":["https:\/\/count-it.eu\/concept-store\/"]}]},{"@type":"ImageObject","inLanguage":"en-US","@id":"https:\/\/count-it.eu\/concept-store\/#primaryimage","url":"https:\/\/count-it.eu\/wp-content\/uploads\/2025\/09\/Rectangle-Concept-Store-e1758803581673.png","contentUrl":"https:\/\/count-it.eu\/wp-content\/uploads\/2025\/09\/Rectangle-Concept-Store-e1758803581673.png"},{"@type":"BreadcrumbList","@id":"https:\/\/count-it.eu\/concept-store\/#breadcrumb","itemListElement":[{"@type":"ListItem","position":1,"name":"Home","item":"https:\/\/count-it.eu\/"},{"@type":"ListItem","position":2,"name":"Expertise Concept Store"}]},{"@type":"WebSite","@id":"https:\/\/count-it.eu\/#website","url":"https:\/\/count-it.eu\/","name":"Count-IT","description":"Simple. Comprehensive. Excellent.","publisher":{"@id":"https:\/\/count-it.eu\/#organization"},"potentialAction":[{"@type":"SearchAction","target":{"@type":"EntryPoint","urlTemplate":"https:\/\/count-it.eu\/?s={search_term_string}"},"query-input":{"@type":"PropertyValueSpecification","valueRequired":true,"valueName":"search_term_string"}}],"inLanguage":"en-US"},{"@type":"Organization","@id":"https:\/\/count-it.eu\/#organization","name":"Count-IT","url":"https:\/\/count-it.eu\/","logo":{"@type":"ImageObject","inLanguage":"en-US","@id":"https:\/\/count-it.eu\/#\/schema\/logo\/image\/","url":"https:\/\/count-it.eu\/wp-content\/uploads\/2020\/02\/Logo_Count_IT_RGB.png","contentUrl":"https:\/\/count-it.eu\/wp-content\/uploads\/2020\/02\/Logo_Count_IT_RGB.png","width":1812,"height":638,"caption":"Count-IT"},"image":{"@id":"https:\/\/count-it.eu\/#\/schema\/logo\/image\/"},"sameAs":["https:\/\/www.facebook.com\/countit.eu","https:\/\/www.instagram.com\/countit.eu\/","https:\/\/www.youtube.com\/@count-it2374","https:\/\/www.linkedin.com\/company\/count-it-eu\/"]}]}},"_links":{"self":[{"href":"https:\/\/count-it.eu\/en\/wp-json\/wp\/v2\/pages\/77468","targetHints":{"allow":["GET"]}}],"collection":[{"href":"https:\/\/count-it.eu\/en\/wp-json\/wp\/v2\/pages"}],"about":[{"href":"https:\/\/count-it.eu\/en\/wp-json\/wp\/v2\/types\/page"}],"author":[{"embeddable":true,"href":"https:\/\/count-it.eu\/en\/wp-json\/wp\/v2\/users\/2"}],"replies":[{"embeddable":true,"href":"https:\/\/count-it.eu\/en\/wp-json\/wp\/v2\/comments?post=77468"}],"version-history":[{"count":72,"href":"https:\/\/count-it.eu\/en\/wp-json\/wp\/v2\/pages\/77468\/revisions"}],"predecessor-version":[{"id":80100,"href":"https:\/\/count-it.eu\/en\/wp-json\/wp\/v2\/pages\/77468\/revisions\/80100"}],"wp:attachment":[{"href":"https:\/\/count-it.eu\/en\/wp-json\/wp\/v2\/media?parent=77468"}],"curies":[{"name":"WP","href":"https:\/\/api.w.org\/{rel}","templated":true}]}}